{"id":390,"date":"2025-10-11T15:45:50","date_gmt":"2025-10-11T08:45:50","guid":{"rendered":"https:\/\/baluxaa2milk.com\/?page_id=390"},"modified":"2025-10-11T17:36:40","modified_gmt":"2025-10-11T10:36:40","slug":"our-commitment","status":"publish","type":"page","link":"https:\/\/visserandsons.com.vn\/vi\/our-commitment\/","title":{"rendered":"Our Commitment"},"content":{"rendered":"\t\t<div data-elementor-type=\"wp-page\" data-elementor-id=\"390\" class=\"elementor elementor-390\" data-elementor-post-type=\"page\">\n\t\t\t\t<div class=\"elementor-element elementor-element-ed43d9b e-flex e-con-boxed e-con e-parent\" data-id=\"ed43d9b\" data-element_type=\"container\">\n\t\t\t\t\t<div class=\"e-con-inner\">\n\t\t\t\t<div class=\"elementor-element elementor-element-0b8fa46 elementor-widget elementor-widget-heading\" data-id=\"0b8fa46\" data-element_type=\"widget\" data-widget_type=\"heading.default\">\n\t\t\t\t\t<h2 class=\"elementor-heading-title elementor-size-default\">Cam k\u1ebft v\u1ec1 ch\u1ea5t l\u01b0\u1ee3ng v\u00e0 ph\u00e1t tri\u1ec3n b\u1ec1n v\u1eefng<\/h2>\t\t\t\t<\/div>\n\t\t<div class=\"elementor-element elementor-element-eb163ca e-con-full e-flex e-con e-child\" data-id=\"eb163ca\" data-element_type=\"container\">\n\t\t<div class=\"elementor-element elementor-element-0c10266 e-con-full e-flex e-con e-child\" data-id=\"0c10266\" data-element_type=\"container\" data-settings=\"{&quot;background_background&quot;:&quot;classic&quot;}\">\n\t\t\t\t<div class=\"elementor-element elementor-element-3286a3c elementor-widget elementor-widget-heading\" data-id=\"3286a3c\" data-element_type=\"widget\" data-widget_type=\"heading.default\">\n\t\t\t\t\t<h2 class=\"elementor-heading-title elementor-size-default\">WHO - CODE<\/h2>\t\t\t\t<\/div>\n\t\t\t\t<div class=\"elementor-element elementor-element-9091d52 elementor-widget__width-initial elementor-widget elementor-widget-text-editor\" data-id=\"9091d52\" data-element_type=\"widget\" data-widget_type=\"text-editor.default\">\n\t\t\t\t\t\t\t\t\t<p data-start=\"0\" data-end=\"97\"><strong data-start=\"0\" data-end=\"36\">Visser &amp; Sons International B.V.<\/strong><br data-start=\"36\" data-end=\"39\" \/>tu\u00e2n th\u1ee7 <strong data-start=\"48\" data-end=\"94\" data-is-only-node=\"\">B\u1ed9 Quy t\u1eafc c\u1ee7a T\u1ed5 ch\u1ee9c Y t\u1ebf Th\u1ebf gi\u1edbi (WHO)<\/strong>:<\/p><p data-start=\"99\" data-end=\"337\"><em data-start=\"99\" data-end=\"158\">S\u1eefa m\u1eb9 l\u00e0 ngu\u1ed3n dinh d\u01b0\u1ee1ng l\u00fd t\u01b0\u1edfng nh\u1ea5t cho tr\u1ebb s\u01a1 sinh.<\/em><br data-start=\"158\" data-end=\"161\" \/>WHO c\u00f4ng nh\u1eadn r\u1eb1ng <strong data-start=\"180\" data-end=\"212\" data-is-only-node=\"\">c\u00e1c s\u1ea3n ph\u1ea9m thay th\u1ebf s\u1eefa m\u1eb9<\/strong> c\u00f3 th\u1ec3 l\u00e0 <strong data-start=\"223\" data-end=\"262\">ngu\u1ed3n dinh d\u01b0\u1ee1ng an to\u00e0n v\u00e0 ph\u00f9 h\u1ee3p<\/strong> cho nh\u1eefng tr\u1ebb s\u01a1 sinh <strong data-start=\"285\" data-end=\"334\">kh\u00f4ng th\u1ec3 b\u00fa m\u1eb9 ho\u1eb7c m\u1eb9 l\u1ef1a ch\u1ecdn kh\u00f4ng cho b\u00fa<\/strong>.<\/p><p data-start=\"339\" data-end=\"535\" data-is-last-node=\"\" data-is-only-node=\"\">Ch\u00fang t\u00f4i lu\u00f4n t\u00f4n tr\u1ecdng v\u00e0 \u1ee7ng h\u1ed9 vi\u1ec7c nu\u00f4i con b\u1eb1ng s\u1eefa m\u1eb9, \u0111\u1ed3ng th\u1eddi cam k\u1ebft cung c\u1ea5p c\u00e1c s\u1ea3n ph\u1ea9m thay th\u1ebf ch\u1ea5t l\u01b0\u1ee3ng cao, \u0111\u00e1p \u1ee9ng nhu c\u1ea7u dinh d\u01b0\u1ee1ng \u0111\u1eb7c bi\u1ec7t c\u1ee7a tr\u1ebb nh\u1ecf trong t\u1eebng ho\u00e0n c\u1ea3nh.<\/p>\t\t\t\t\t\t\t\t<\/div>\n\t\t\t\t<\/div>\n\t\t<div class=\"elementor-element elementor-element-69b22b6 e-con-full e-flex e-con e-child\" data-id=\"69b22b6\" data-element_type=\"container\" data-settings=\"{&quot;background_background&quot;:&quot;classic&quot;}\">\n\t\t\t\t<div class=\"elementor-element elementor-element-6510b1c elementor-widget elementor-widget-heading\" data-id=\"6510b1c\" data-element_type=\"widget\" data-widget_type=\"heading.default\">\n\t\t\t\t\t<h2 class=\"elementor-heading-title elementor-size-default\">Ph\u00e1t tri\u1ec3n b\u1ec1n v\u1eefng<\/h2>\t\t\t\t<\/div>\n\t\t\t\t<div class=\"elementor-element elementor-element-b04ae0a elementor-widget__width-initial elementor-widget elementor-widget-text-editor\" data-id=\"b04ae0a\" data-element_type=\"widget\" data-widget_type=\"text-editor.default\">\n\t\t\t\t\t\t\t\t\t<p data-start=\"0\" data-end=\"138\">Ch\u00fang t\u00f4i quan t\u00e2m \u0111\u1ebfn <strong data-start=\"23\" data-end=\"80\">ngu\u1ed3n nguy\u00ean li\u1ec7u, thi\u00ean nhi\u00ean, con ng\u01b0\u1eddi v\u00e0 v\u1eadt nu\u00f4i<\/strong>, v\u00e0 lu\u00f4n \u0111\u1ed1i x\u1eed, qu\u1ea3n l\u00fd ch\u00fang m\u1ed9t c\u00e1ch c\u00f3 tr\u00e1ch nhi\u1ec7m.<\/p><p data-start=\"140\" data-end=\"522\" data-is-last-node=\"\" data-is-only-node=\"\">Visser &amp; Sons t\u1eadp trung v\u00e0o <strong data-start=\"168\" data-end=\"220\">ph\u00e1t tri\u1ec3n b\u1ec1n v\u1eefng trong to\u00e0n b\u1ed9 chu\u1ed7i cung \u1ee9ng<\/strong>, tu\u00e2n th\u1ee7 <strong data-start=\"231\" data-end=\"309\">Khung Ph\u00e1t tri\u1ec3n B\u1ec1n v\u1eefng Ng\u00e0nh S\u1eefa (DSF \u2013 Dairy Sustainability Framework)<\/strong>. Khung n\u00e0y \u0111\u01b0a ra <strong data-start=\"328\" data-end=\"383\">c\u00e1c m\u1ee5c ti\u00eau chung v\u00e0 \u0111\u1ecbnh h\u01b0\u1edbng h\u00e0nh \u0111\u1ed9ng to\u00e0n c\u1ea7u<\/strong> cho ng\u00e0nh s\u1eefa, gi\u00fap \u0111\u1ea3m b\u1ea3o m\u1ecdi ho\u1ea1t \u0111\u1ed9ng c\u1ee7a ch\u00fang t\u00f4i \u0111\u1ec1u g\u00f3p ph\u1ea7n v\u00e0o m\u1ed9t <strong data-start=\"461\" data-end=\"521\">h\u1ec7 sinh th\u00e1i s\u1ea3n xu\u1ea5t b\u1ec1n v\u1eefng, c\u00e2n b\u1eb1ng v\u00e0 nh\u00e2n v\u0103n h\u01a1n<\/strong>.<\/p>\t\t\t\t\t\t\t\t<\/div>\n\t\t\t\t<\/div>\n\t\t\t\t<\/div>\n\t\t\t\t\t<\/div>\n\t\t\t\t<\/div>\n\t\t\t\t<\/div>\n\t\t","protected":false},"excerpt":{"rendered":"<p>Cam k\u1ebft v\u1ec1 ch\u1ea5t l\u01b0\u1ee3ng v\u00e0 ph\u00e1t tri\u1ec3n b\u1ec1n v\u1eefng WHO &#8211; CODE Visser &amp; Sons International B.V.tu\u00e2n th\u1ee7 B\u1ed9 Quy t\u1eafc c\u1ee7a T\u1ed5 ch\u1ee9c Y t\u1ebf Th\u1ebf gi\u1edbi (WHO): S\u1eefa m\u1eb9 l\u00e0 ngu\u1ed3n dinh d\u01b0\u1ee1ng l\u00fd t\u01b0\u1edfng nh\u1ea5t cho tr\u1ebb s\u01a1 sinh.WHO c\u00f4ng nh\u1eadn r\u1eb1ng c\u00e1c s\u1ea3n ph\u1ea9m thay th\u1ebf s\u1eefa m\u1eb9 c\u00f3 th\u1ec3 [&hellip;]<\/p>\n","protected":false},"author":1,"featured_media":0,"parent":0,"menu_order":0,"comment_status":"closed","ping_status":"closed","template":"","meta":{"_acf_changed":false,"footnotes":""},"class_list":["post-390","page","type-page","status-publish","hentry"],"acf":[],"_links":{"self":[{"href":"https:\/\/visserandsons.com.vn\/vi\/wp-json\/wp\/v2\/pages\/390","targetHints":{"allow":["GET"]}}],"collection":[{"href":"https:\/\/visserandsons.com.vn\/vi\/wp-json\/wp\/v2\/pages"}],"about":[{"href":"https:\/\/visserandsons.com.vn\/vi\/wp-json\/wp\/v2\/types\/page"}],"author":[{"embeddable":true,"href":"https:\/\/visserandsons.com.vn\/vi\/wp-json\/wp\/v2\/users\/1"}],"replies":[{"embeddable":true,"href":"https:\/\/visserandsons.com.vn\/vi\/wp-json\/wp\/v2\/comments?post=390"}],"version-history":[{"count":16,"href":"https:\/\/visserandsons.com.vn\/vi\/wp-json\/wp\/v2\/pages\/390\/revisions"}],"predecessor-version":[{"id":484,"href":"https:\/\/visserandsons.com.vn\/vi\/wp-json\/wp\/v2\/pages\/390\/revisions\/484"}],"wp:attachment":[{"href":"https:\/\/visserandsons.com.vn\/vi\/wp-json\/wp\/v2\/media?parent=390"}],"curies":[{"name":"wp","href":"https:\/\/api.w.org\/{rel}","templated":true}]}}