{"id":388,"date":"2025-10-11T15:45:11","date_gmt":"2025-10-11T08:45:11","guid":{"rendered":"https:\/\/baluxaa2milk.com\/?page_id=388"},"modified":"2025-10-14T11:18:28","modified_gmt":"2025-10-14T04:18:28","slug":"skal","status":"publish","type":"page","link":"https:\/\/visserandsons.com.vn\/vi\/skal\/","title":{"rendered":"Skal"},"content":{"rendered":"\t\t<div data-elementor-type=\"wp-page\" data-elementor-id=\"388\" class=\"elementor elementor-388\" data-elementor-post-type=\"page\">\n\t\t\t\t<div class=\"elementor-element elementor-element-b0d975b e-flex e-con-boxed e-con e-parent\" data-id=\"b0d975b\" data-element_type=\"container\">\n\t\t\t\t\t<div class=\"e-con-inner\">\n\t\t<div class=\"elementor-element elementor-element-832d4b2 e-con-full e-flex e-con e-child\" data-id=\"832d4b2\" data-element_type=\"container\" data-settings=\"{&quot;background_background&quot;:&quot;classic&quot;}\">\n\t\t\t\t<div class=\"elementor-element elementor-element-53ffd2d elementor-widget__width-initial elementor-widget elementor-widget-heading\" data-id=\"53ffd2d\" data-element_type=\"widget\" data-widget_type=\"heading.default\">\n\t\t\t\t\t<h2 class=\"elementor-heading-title elementor-size-default\">An To\u00e0n.<\/h2>\t\t\t\t<\/div>\n\t\t<div class=\"elementor-element elementor-element-4cd9f59 e-con-full e-flex e-con e-child\" data-id=\"4cd9f59\" data-element_type=\"container\">\n\t\t<div class=\"elementor-element elementor-element-c1f1970 e-con-full e-flex e-con e-child\" data-id=\"c1f1970\" data-element_type=\"container\">\n\t\t\t\t<div class=\"elementor-element elementor-element-c687782 elementor-widget__width-initial elementor-widget elementor-widget-text-editor\" data-id=\"c687782\" data-element_type=\"widget\" data-widget_type=\"text-editor.default\">\n\t\t\t\t\t\t\t\t\t<p data-start=\"0\" data-end=\"180\"><img decoding=\"async\" class=\"alignnone size-full wp-image-431\" src=\"https:\/\/baluxaa2milk.com\/wp-content\/uploads\/2025\/10\/Skal-bio.png\" alt=\"\" width=\"200\" height=\"125\" srcset=\"https:\/\/visserandsons.com.vn\/wp-content\/uploads\/2025\/10\/Skal-bio.png 200w, https:\/\/visserandsons.com.vn\/wp-content\/uploads\/2025\/10\/Skal-bio-18x12.png 18w\" sizes=\"(max-width: 200px) 100vw, 200px\" \/><\/p><p data-start=\"0\" data-end=\"133\">Ch\u00fang t\u00f4i \u0111\u00e3 \u0111\u1ea1t ch\u1ee9ng nh\u1eadn <strong data-start=\"28\" data-end=\"36\">Skal<\/strong> (h\u1eefu c\u01a1 H\u00e0 Lan) v\u00e0 \u0111ang trong qu\u00e1 tr\u00ecnh ho\u00e0n t\u1ea5t <strong data-start=\"86\" data-end=\"105\">ch\u1ee9ng nh\u1eadn A2A2<\/strong> do <strong data-start=\"109\" data-end=\"126\">Control Union<\/strong> c\u1ea5p.<\/p><p data-start=\"135\" data-end=\"341\" data-is-last-node=\"\" data-is-only-node=\"\">B\u00ean c\u1ea1nh \u0111\u00f3, ch\u00fang t\u00f4i \u0111\u1eb7c bi\u1ec7t ch\u00fa tr\u1ecdng \u0111\u1ebfn <strong data-start=\"181\" data-end=\"204\">th\u00e0nh ph\u1ea7n t\u1ef1 nhi\u00ean<\/strong> c\u1ee7a s\u1ea3n ph\u1ea9m \u2014 <strong data-start=\"220\" data-end=\"253\">kh\u00f4ng bi\u1ebfn \u0111\u1ed5i gen (GMO-free)<\/strong> v\u00e0 <strong data-start=\"257\" data-end=\"271\">gi\u1ea3m \u0111\u01b0\u1eddng<\/strong> \u2014 nh\u1eb1m mang \u0111\u1ebfn ngu\u1ed3n s\u1eefa thu\u1ea7n khi\u1ebft, l\u00e0nh m\u1ea1nh v\u00e0 t\u1ed1t cho s\u1ee9c kh\u1ecfe.<\/p>\t\t\t\t\t\t\t\t<\/div>\n\t\t\t\t<\/div>\n\t\t<div class=\"elementor-element elementor-element-3876bf6 e-con-full e-flex e-con e-child\" data-id=\"3876bf6\" data-element_type=\"container\" data-settings=\"{&quot;background_background&quot;:&quot;classic&quot;}\">\n\t\t\t\t<div class=\"elementor-element elementor-element-390f706 elementor-widget elementor-widget-image\" data-id=\"390f706\" data-element_type=\"widget\" data-widget_type=\"image.default\">\n\t\t\t\t\t\t\t\t\t\t\t\t\t\t\t<img fetchpriority=\"high\" decoding=\"async\" width=\"800\" height=\"566\" src=\"https:\/\/visserandsons.com.vn\/wp-content\/uploads\/2025\/10\/SKAL-report-2021.png\" class=\"attachment-large size-large wp-image-432\" alt=\"\" srcset=\"https:\/\/visserandsons.com.vn\/wp-content\/uploads\/2025\/10\/SKAL-report-2021.png 848w, https:\/\/visserandsons.com.vn\/wp-content\/uploads\/2025\/10\/SKAL-report-2021-300x212.png 300w, https:\/\/visserandsons.com.vn\/wp-content\/uploads\/2025\/10\/SKAL-report-2021-768x543.png 768w, https:\/\/visserandsons.com.vn\/wp-content\/uploads\/2025\/10\/SKAL-report-2021-18x12.png 18w\" sizes=\"(max-width: 800px) 100vw, 800px\" \/>\t\t\t\t\t\t\t\t\t\t\t\t\t\t\t<\/div>\n\t\t\t\t<\/div>\n\t\t\t\t<\/div>\n\t\t<div class=\"elementor-element elementor-element-a759501 e-con-full e-flex e-con e-child\" data-id=\"a759501\" data-element_type=\"container\">\n\t\t\t\t<div class=\"elementor-element elementor-element-b07b44d elementor-widget elementor-widget-image\" data-id=\"b07b44d\" data-element_type=\"widget\" data-widget_type=\"image.default\">\n\t\t\t\t\t\t\t\t\t\t\t\t\t\t\t<img decoding=\"async\" width=\"380\" height=\"243\" src=\"https:\/\/visserandsons.com.vn\/wp-content\/uploads\/2025\/10\/Organic-cert-380.png\" class=\"attachment-large size-large wp-image-439\" alt=\"\" srcset=\"https:\/\/visserandsons.com.vn\/wp-content\/uploads\/2025\/10\/Organic-cert-380.png 380w, https:\/\/visserandsons.com.vn\/wp-content\/uploads\/2025\/10\/Organic-cert-380-300x192.png 300w, https:\/\/visserandsons.com.vn\/wp-content\/uploads\/2025\/10\/Organic-cert-380-18x12.png 18w\" sizes=\"(max-width: 380px) 100vw, 380px\" \/>\t\t\t\t\t\t\t\t\t\t\t\t\t\t\t<\/div>\n\t\t\t\t<div class=\"elementor-element elementor-element-a6a2d0a elementor-widget elementor-widget-image\" data-id=\"a6a2d0a\" data-element_type=\"widget\" data-widget_type=\"image.default\">\n\t\t\t\t\t\t\t\t\t\t\t\t\t\t\t<img loading=\"lazy\" decoding=\"async\" width=\"380\" height=\"243\" src=\"https:\/\/visserandsons.com.vn\/wp-content\/uploads\/2025\/10\/BIO-cert-380.png\" class=\"attachment-large size-large wp-image-440\" alt=\"\" srcset=\"https:\/\/visserandsons.com.vn\/wp-content\/uploads\/2025\/10\/BIO-cert-380.png 380w, https:\/\/visserandsons.com.vn\/wp-content\/uploads\/2025\/10\/BIO-cert-380-300x192.png 300w, https:\/\/visserandsons.com.vn\/wp-content\/uploads\/2025\/10\/BIO-cert-380-18x12.png 18w\" sizes=\"(max-width: 380px) 100vw, 380px\" \/>\t\t\t\t\t\t\t\t\t\t\t\t\t\t\t<\/div>\n\t\t\t\t<\/div>\n\t\t\t\t<\/div>\n\t\t\t\t\t<\/div>\n\t\t\t\t<\/div>\n\t\t\t\t<\/div>\n\t\t","protected":false},"excerpt":{"rendered":"<p>An To\u00e0n. Ch\u00fang t\u00f4i \u0111\u00e3 \u0111\u1ea1t ch\u1ee9ng nh\u1eadn Skal (h\u1eefu c\u01a1 H\u00e0 Lan) v\u00e0 \u0111ang trong qu\u00e1 tr\u00ecnh ho\u00e0n t\u1ea5t ch\u1ee9ng nh\u1eadn A2A2 do Control Union c\u1ea5p. B\u00ean c\u1ea1nh \u0111\u00f3, ch\u00fang t\u00f4i \u0111\u1eb7c bi\u1ec7t ch\u00fa tr\u1ecdng \u0111\u1ebfn th\u00e0nh ph\u1ea7n t\u1ef1 nhi\u00ean c\u1ee7a s\u1ea3n ph\u1ea9m \u2014 kh\u00f4ng bi\u1ebfn \u0111\u1ed5i gen (GMO-free) v\u00e0 gi\u1ea3m \u0111\u01b0\u1eddng \u2014 nh\u1eb1m [&hellip;]<\/p>\n","protected":false},"author":1,"featured_media":0,"parent":0,"menu_order":0,"comment_status":"closed","ping_status":"closed","template":"","meta":{"_acf_changed":false,"footnotes":""},"class_list":["post-388","page","type-page","status-publish","hentry"],"acf":[],"_links":{"self":[{"href":"https:\/\/visserandsons.com.vn\/vi\/wp-json\/wp\/v2\/pages\/388","targetHints":{"allow":["GET"]}}],"collection":[{"href":"https:\/\/visserandsons.com.vn\/vi\/wp-json\/wp\/v2\/pages"}],"about":[{"href":"https:\/\/visserandsons.com.vn\/vi\/wp-json\/wp\/v2\/types\/page"}],"author":[{"embeddable":true,"href":"https:\/\/visserandsons.com.vn\/vi\/wp-json\/wp\/v2\/users\/1"}],"replies":[{"embeddable":true,"href":"https:\/\/visserandsons.com.vn\/vi\/wp-json\/wp\/v2\/comments?post=388"}],"version-history":[{"count":22,"href":"https:\/\/visserandsons.com.vn\/vi\/wp-json\/wp\/v2\/pages\/388\/revisions"}],"predecessor-version":[{"id":721,"href":"https:\/\/visserandsons.com.vn\/vi\/wp-json\/wp\/v2\/pages\/388\/revisions\/721"}],"wp:attachment":[{"href":"https:\/\/visserandsons.com.vn\/vi\/wp-json\/wp\/v2\/media?parent=388"}],"curies":[{"name":"wp","href":"https:\/\/api.w.org\/{rel}","templated":true}]}}