{"id":383,"date":"2025-10-11T16:00:14","date_gmt":"2025-10-11T09:00:14","guid":{"rendered":"https:\/\/baluxaa2milk.com\/?page_id=383"},"modified":"2025-10-18T11:41:30","modified_gmt":"2025-10-18T04:41:30","slug":"our-story","status":"publish","type":"page","link":"https:\/\/visserandsons.com.vn\/vi\/our-story\/","title":{"rendered":"Our Story"},"content":{"rendered":"\t\t<div data-elementor-type=\"wp-page\" data-elementor-id=\"383\" class=\"elementor elementor-383\" data-elementor-post-type=\"page\">\n\t\t\t\t<div class=\"elementor-element elementor-element-70a5895 e-flex e-con-boxed e-con e-parent\" data-id=\"70a5895\" data-element_type=\"container\" data-settings=\"{&quot;background_background&quot;:&quot;slideshow&quot;,&quot;background_slideshow_gallery&quot;:[{&quot;id&quot;:263,&quot;url&quot;:&quot;https:\\\/\\\/visserandsons.com.vn\\\/wp-content\\\/uploads\\\/2025\\\/10\\\/organic.png&quot;}],&quot;shape_divider_bottom&quot;:&quot;triangle&quot;,&quot;shape_divider_bottom_negative&quot;:&quot;yes&quot;,&quot;background_slideshow_loop&quot;:&quot;yes&quot;,&quot;background_slideshow_slide_duration&quot;:5000,&quot;background_slideshow_slide_transition&quot;:&quot;fade&quot;,&quot;background_slideshow_transition_duration&quot;:500}\">\n\t\t\t\t\t<div class=\"e-con-inner\">\n\t\t\t\t<div class=\"elementor-shape elementor-shape-bottom\" aria-hidden=\"true\" data-negative=\"true\">\n\t\t\t<svg xmlns=\"http:\/\/www.w3.org\/2000\/svg\" viewBox=\"0 0 1000 100\" preserveAspectRatio=\"none\">\n\t<path class=\"elementor-shape-fill\" d=\"M500.2,94.7L0,0v100h1000V0L500.2,94.7z\"\/>\n<\/svg>\t\t<\/div>\n\t\t\t\t\t<\/div>\n\t\t\t\t<\/div>\n\t\t<div class=\"elementor-element elementor-element-301af5a e-con-full e-flex e-con e-parent\" data-id=\"301af5a\" data-element_type=\"container\">\n\t\t\t\t<div class=\"elementor-element elementor-element-a2af7f4 elementor-widget elementor-widget-heading\" data-id=\"a2af7f4\" data-element_type=\"widget\" data-widget_type=\"heading.default\">\n\t\t\t\t\t<h2 class=\"elementor-heading-title elementor-size-default\"><h2 class=\"elementor-heading-title elementor-size-default\" style=\"font-family: Marcellus, sans-serif;font-weight: 600;font-size: 2.4rem;text-align: center\">Our Story<\/h2><\/h2>\t\t\t\t<\/div>\n\t\t\t\t<div class=\"elementor-element elementor-element-0560fa7 elementor-widget elementor-widget-heading\" data-id=\"0560fa7\" data-element_type=\"widget\" data-widget_type=\"heading.default\">\n\t\t\t\t\t<h2 class=\"elementor-heading-title elementor-size-default\">S\u1ea3n ph\u1ea9m t\u1eeb s\u1eefa v\u00e0 th\u1ef1c ph\u1ea9m ch\u1ee9c n\u0103ng<\/h2>\t\t\t\t<\/div>\n\t\t\t\t<div class=\"elementor-element elementor-element-50f1ec0 elementor-widget elementor-widget-image\" data-id=\"50f1ec0\" data-element_type=\"widget\" data-widget_type=\"image.default\">\n\t\t\t\t\t\t\t\t\t\t\t\t\t\t\t<img decoding=\"async\" width=\"200\" height=\"125\" src=\"https:\/\/visserandsons.com.vn\/wp-content\/uploads\/2025\/10\/Skal-bio-1.png\" class=\"attachment-large size-large wp-image-1062\" alt=\"\" srcset=\"https:\/\/visserandsons.com.vn\/wp-content\/uploads\/2025\/10\/Skal-bio-1.png 200w, https:\/\/visserandsons.com.vn\/wp-content\/uploads\/2025\/10\/Skal-bio-1-18x12.png 18w\" sizes=\"(max-width: 200px) 100vw, 200px\" \/>\t\t\t\t\t\t\t\t\t\t\t\t\t\t\t<\/div>\n\t\t\t\t<div class=\"elementor-element elementor-element-054abaf elementor-widget elementor-widget-heading\" data-id=\"054abaf\" data-element_type=\"widget\" data-widget_type=\"heading.default\">\n\t\t\t\t\t<h2 class=\"elementor-heading-title elementor-size-default\">Ch\u1ee9ng nh\u1eadn Skal (h\u1eefu c\u01a1 H\u00e0 Lan)<\/h2>\t\t\t\t<\/div>\n\t\t\t\t<div class=\"elementor-element elementor-element-e9cdd68 elementor-widget elementor-widget-image\" data-id=\"e9cdd68\" data-element_type=\"widget\" data-widget_type=\"image.default\">\n\t\t\t\t\t\t\t\t\t\t\t\t\t\t\t<img fetchpriority=\"high\" decoding=\"async\" width=\"800\" height=\"566\" src=\"https:\/\/visserandsons.com.vn\/wp-content\/uploads\/2025\/10\/SKAL-report-2021-1.png\" class=\"attachment-large size-large wp-image-1063\" alt=\"\" srcset=\"https:\/\/visserandsons.com.vn\/wp-content\/uploads\/2025\/10\/SKAL-report-2021-1.png 848w, https:\/\/visserandsons.com.vn\/wp-content\/uploads\/2025\/10\/SKAL-report-2021-1-300x212.png 300w, https:\/\/visserandsons.com.vn\/wp-content\/uploads\/2025\/10\/SKAL-report-2021-1-768x543.png 768w, https:\/\/visserandsons.com.vn\/wp-content\/uploads\/2025\/10\/SKAL-report-2021-1-18x12.png 18w\" sizes=\"(max-width: 800px) 100vw, 800px\" \/>\t\t\t\t\t\t\t\t\t\t\t\t\t\t\t<\/div>\n\t\t\t\t<div class=\"elementor-element elementor-element-05b458b elementor-widget elementor-widget-text-editor\" data-id=\"05b458b\" data-element_type=\"widget\" data-widget_type=\"text-editor.default\">\n\t\t\t\t\t\t\t\t\t<p>B\u00f2 s\u1eefa A2 c\u1ee7a ch\u00fang t\u00f4i \u0111\u01b0\u1ee3c ch\u0103n nu\u00f4i tr\u00ean \u0111\u1ea5t n\u00f4ng nghi\u1ec7p \u0111\u01b0\u1ee3c qu\u1ea3n l\u00fd c\u00f3 tr\u00e1ch nhi\u1ec7m. Ch\u00fang t\u00f4i t\u1ef1 h\u00e0o ti\u00ean phong trong vi\u1ec7c b\u1ea3o t\u1ed3n n\u00f4ng nghi\u1ec7p b\u1ec1n v\u1eefng v\u00e0 \u0111a d\u1ea1ng sinh h\u1ecdc, \u0111\u1ed3ng th\u1eddi n\u1ed7 l\u1ef1c h\u1ebft m\u00ecnh \u0111\u1ec3 b\u1ea3o t\u1ed3n thi\u00ean nhi\u00ean.<\/p><p>Ch\u00fang t\u00f4i n\u1ed7 l\u1ef1c \u00e1p d\u1ee5ng nguy\u00ean t\u1eafc sinh h\u1ecdc \u0111\u1ed9ng l\u1ef1c v\u1edbi nh\u1eefng ng\u01b0\u1eddi n\u00f4ng d\u00e2n canh t\u00e1c h\u1eefu c\u01a1 A2. \u0110i\u1ec1u n\u00e0y c\u00f3 ngh\u0129a l\u00e0 n\u00f4ng d\u00e2n c\u1ee7a ch\u00fang t\u00f4i \u0111\u1ed1i x\u1eed v\u1edbi \u0111\u1ea5t \u0111ai b\u1eb1ng s\u1ef1 t\u00f4n tr\u1ecdng x\u1ee9ng \u0111\u00e1ng \u0111\u1ec3 b\u1ea3o t\u1ed3n n\u00f3 cho c\u00e1c th\u1ebf h\u1ec7 t\u01b0\u01a1ng lai. Ch\u00fang t\u00f4i ti\u1ebfp c\u1eadn m\u1ecdi th\u1ee9 theo quan \u0111i\u1ec3m b\u1ec1n v\u1eefng: ch\u1ea5t l\u01b0\u1ee3ng \u0111\u1ea5t v\u00e0 c\u00e2y tr\u1ed3ng, \u0111\u1ed9ng v\u1eadt \u0103n c\u1ecf tr\u00ean \u0111\u1ea5t v\u00e0 con ng\u01b0\u1eddi l\u00e0m vi\u1ec7c tr\u00ean \u0111\u1ea5t. M\u1ee5c ti\u00eau c\u1ee7a ch\u00fang t\u00f4i l\u00e0 gi\u1ea3m thi\u1ec3u t\u00e1c \u0111\u1ed9ng \u0111\u1ebfn m\u00f4i tr\u01b0\u1eddng, t\u1eadp trung v\u00e0o vi\u1ec7c t\u1ea1o ra: L\u1ee3i \u00edch x\u00e3 h\u1ed9i, L\u1ee3i \u00edch t\u1ef1 nhi\u00ean, L\u1ee3i \u00edch t\u00e0i ch\u00ednh v\u00e0 cu\u1ed1i c\u00f9ng l\u00e0 C\u1ea3m h\u1ee9ng.<\/p><p>Hy v\u1ecdng v\u00e0 c\u1ea3m h\u1ee9ng cho m\u1ed9t t\u01b0\u01a1ng lai, n\u01a1i con ng\u01b0\u1eddi c\u00f3 th\u1ec3 s\u1ed1ng qua nhi\u1ec1u th\u1ebf h\u1ec7 tr\u00ean m\u1ea3nh \u0111\u1ea5t m\u00e0u m\u1ee1 do ch\u00ednh h\u1ecd canh t\u00e1c. B\u1eb1ng c\u00e1ch n\u00e0y, nguy\u00ean t\u1eafc n\u00f4ng nghi\u1ec7p n\u00e0y t\u1ea1o ra s\u1ef1 c\u00e2n b\u1eb1ng t\u1ed1t cho m\u1ed9t n\u1ec1n n\u00f4ng nghi\u1ec7p b\u1ec1n v\u1eefng v\u00e0 sinh l\u1eddi cho c\u1ea3 thi\u00ean nhi\u00ean v\u00e0 con ng\u01b0\u1eddi.<\/p>\t\t\t\t\t\t\t\t<\/div>\n\t\t\t\t<div class=\"elementor-element elementor-element-e432364 elementor-widget elementor-widget-heading\" data-id=\"e432364\" data-element_type=\"widget\" data-widget_type=\"heading.default\">\n\t\t\t\t\t<h2 class=\"elementor-heading-title elementor-size-default\">Gi\u1ea5y ch\u1ee9ng nh\u1eadn A 2 A 2 c\u1ee7a Control Union<\/h2>\t\t\t\t<\/div>\n\t\t\t\t<\/div>\n\t\t<div class=\"elementor-element elementor-element-9a711b1 e-flex e-con-boxed e-con e-parent\" data-id=\"9a711b1\" data-element_type=\"container\" data-settings=\"{&quot;background_background&quot;:&quot;slideshow&quot;,&quot;background_slideshow_gallery&quot;:[],&quot;background_slideshow_loop&quot;:&quot;yes&quot;,&quot;background_slideshow_slide_duration&quot;:5000,&quot;background_slideshow_slide_transition&quot;:&quot;fade&quot;,&quot;background_slideshow_transition_duration&quot;:500}\">\n\t\t\t\t\t<div class=\"e-con-inner\">\n\t\t<div class=\"elementor-element elementor-element-d99babd e-con-full e-flex e-con e-child\" data-id=\"d99babd\" data-element_type=\"container\" data-settings=\"{&quot;background_background&quot;:&quot;slideshow&quot;,&quot;background_slideshow_gallery&quot;:[],&quot;background_slideshow_loop&quot;:&quot;yes&quot;,&quot;background_slideshow_slide_duration&quot;:5000,&quot;background_slideshow_slide_transition&quot;:&quot;fade&quot;,&quot;background_slideshow_transition_duration&quot;:500}\">\n\t\t\t\t<div class=\"elementor-element elementor-element-011a970 elementor-widget elementor-widget-image\" data-id=\"011a970\" data-element_type=\"widget\" data-widget_type=\"image.default\">\n\t\t\t\t\t\t\t\t\t\t\t\t\t\t\t<img decoding=\"async\" width=\"380\" height=\"243\" src=\"https:\/\/visserandsons.com.vn\/wp-content\/uploads\/2025\/10\/Organic-cert-380-2.png\" class=\"attachment-large size-large wp-image-1066\" alt=\"\" srcset=\"https:\/\/visserandsons.com.vn\/wp-content\/uploads\/2025\/10\/Organic-cert-380-2.png 380w, https:\/\/visserandsons.com.vn\/wp-content\/uploads\/2025\/10\/Organic-cert-380-2-300x192.png 300w, https:\/\/visserandsons.com.vn\/wp-content\/uploads\/2025\/10\/Organic-cert-380-2-18x12.png 18w\" sizes=\"(max-width: 380px) 100vw, 380px\" \/>\t\t\t\t\t\t\t\t\t\t\t\t\t\t\t<\/div>\n\t\t\t\t<\/div>\n\t\t<div class=\"elementor-element elementor-element-23c3c6c e-con-full e-flex e-con e-child\" data-id=\"23c3c6c\" data-element_type=\"container\" data-settings=\"{&quot;background_background&quot;:&quot;slideshow&quot;,&quot;background_slideshow_gallery&quot;:[],&quot;background_slideshow_loop&quot;:&quot;yes&quot;,&quot;background_slideshow_slide_duration&quot;:5000,&quot;background_slideshow_slide_transition&quot;:&quot;fade&quot;,&quot;background_slideshow_transition_duration&quot;:500}\">\n\t\t\t\t<div class=\"elementor-element elementor-element-2846d53 elementor-widget elementor-widget-image\" data-id=\"2846d53\" data-element_type=\"widget\" data-widget_type=\"image.default\">\n\t\t\t\t\t\t\t\t\t\t\t\t\t\t\t<img loading=\"lazy\" decoding=\"async\" width=\"380\" height=\"243\" src=\"https:\/\/visserandsons.com.vn\/wp-content\/uploads\/2025\/10\/BIO-cert-380-1.png\" class=\"attachment-large size-large wp-image-1064\" alt=\"\" srcset=\"https:\/\/visserandsons.com.vn\/wp-content\/uploads\/2025\/10\/BIO-cert-380-1.png 380w, https:\/\/visserandsons.com.vn\/wp-content\/uploads\/2025\/10\/BIO-cert-380-1-300x192.png 300w, https:\/\/visserandsons.com.vn\/wp-content\/uploads\/2025\/10\/BIO-cert-380-1-18x12.png 18w\" sizes=\"(max-width: 380px) 100vw, 380px\" \/>\t\t\t\t\t\t\t\t\t\t\t\t\t\t\t<\/div>\n\t\t\t\t<\/div>\n\t\t\t\t\t<\/div>\n\t\t\t\t<\/div>\n\t\t\t\t<\/div>\n\t\t","protected":false},"excerpt":{"rendered":"<p>Our Story S\u1ea3n ph\u1ea9m t\u1eeb s\u1eefa v\u00e0 th\u1ef1c ph\u1ea9m ch\u1ee9c n\u0103ng Ch\u1ee9ng nh\u1eadn Skal (h\u1eefu c\u01a1 H\u00e0 Lan) B\u00f2 s\u1eefa A2 c\u1ee7a ch\u00fang t\u00f4i \u0111\u01b0\u1ee3c ch\u0103n nu\u00f4i tr\u00ean \u0111\u1ea5t n\u00f4ng nghi\u1ec7p \u0111\u01b0\u1ee3c qu\u1ea3n l\u00fd c\u00f3 tr\u00e1ch nhi\u1ec7m. Ch\u00fang t\u00f4i t\u1ef1 h\u00e0o ti\u00ean phong trong vi\u1ec7c b\u1ea3o t\u1ed3n n\u00f4ng nghi\u1ec7p b\u1ec1n v\u1eefng v\u00e0 \u0111a d\u1ea1ng sinh [&hellip;]<\/p>\n","protected":false},"author":2,"featured_media":0,"parent":0,"menu_order":0,"comment_status":"closed","ping_status":"closed","template":"","meta":{"_acf_changed":false,"footnotes":""},"class_list":["post-383","page","type-page","status-publish","hentry"],"acf":[],"_links":{"self":[{"href":"https:\/\/visserandsons.com.vn\/vi\/wp-json\/wp\/v2\/pages\/383","targetHints":{"allow":["GET"]}}],"collection":[{"href":"https:\/\/visserandsons.com.vn\/vi\/wp-json\/wp\/v2\/pages"}],"about":[{"href":"https:\/\/visserandsons.com.vn\/vi\/wp-json\/wp\/v2\/types\/page"}],"author":[{"embeddable":true,"href":"https:\/\/visserandsons.com.vn\/vi\/wp-json\/wp\/v2\/users\/2"}],"replies":[{"embeddable":true,"href":"https:\/\/visserandsons.com.vn\/vi\/wp-json\/wp\/v2\/comments?post=383"}],"version-history":[{"count":102,"href":"https:\/\/visserandsons.com.vn\/vi\/wp-json\/wp\/v2\/pages\/383\/revisions"}],"predecessor-version":[{"id":1095,"href":"https:\/\/visserandsons.com.vn\/vi\/wp-json\/wp\/v2\/pages\/383\/revisions\/1095"}],"wp:attachment":[{"href":"https:\/\/visserandsons.com.vn\/vi\/wp-json\/wp\/v2\/media?parent=383"}],"curies":[{"name":"wp","href":"https:\/\/api.w.org\/{rel}","templated":true}]}}