{"id":34,"date":"2025-10-02T02:32:46","date_gmt":"2025-10-02T02:32:46","guid":{"rendered":"https:\/\/baluxaa2milk.com\/?page_id=34"},"modified":"2025-10-13T14:03:07","modified_gmt":"2025-10-13T07:03:07","slug":"quality-safety","status":"publish","type":"page","link":"https:\/\/visserandsons.com.vn\/vi\/quality-safety\/","title":{"rendered":"Quality &#038; Safety"},"content":{"rendered":"\t\t<div data-elementor-type=\"wp-page\" data-elementor-id=\"34\" class=\"elementor elementor-34\" data-elementor-post-type=\"page\">\n\t\t\t\t<div class=\"elementor-element elementor-element-4862616 e-con-full e-flex e-con e-parent\" data-id=\"4862616\" data-element_type=\"container\" data-settings=\"{&quot;background_background&quot;:&quot;classic&quot;}\">\n\t\t\t\t<div class=\"elementor-element elementor-element-441a3f2 elementor-widget elementor-widget-heading\" data-id=\"441a3f2\" data-element_type=\"widget\" data-widget_type=\"heading.default\">\n\t\t\t\t\t<h2 class=\"elementor-heading-title elementor-size-default\">Ch\u1ea5t l\u01b0\u1ee3ng &amp; An To\u00e0n<\/h2>\t\t\t\t<\/div>\n\t\t\t\t<\/div>\n\t\t<div class=\"elementor-element elementor-element-aba0466 e-flex e-con-boxed e-con e-parent\" data-id=\"aba0466\" data-element_type=\"container\">\n\t\t\t\t\t<div class=\"e-con-inner\">\n\t\t\t\t<div class=\"elementor-element elementor-element-36e5f90 elementor-widget elementor-widget-heading\" data-id=\"36e5f90\" data-element_type=\"widget\" data-widget_type=\"heading.default\">\n\t\t\t\t\t<h2 class=\"elementor-heading-title elementor-size-default\">Ti\u00eau Chu\u1ea9n Ch\u1ea5t L\u01b0\u1ee3ng &amp; An To\u00e0n<\/h2>\t\t\t\t<\/div>\n\t\t<div class=\"elementor-element elementor-element-17f37e8 e-con-full e-flex e-con e-child\" data-id=\"17f37e8\" data-element_type=\"container\" data-settings=\"{&quot;background_background&quot;:&quot;classic&quot;}\">\n\t\t\t\t<div class=\"elementor-element elementor-element-2c0995c elementor-widget__width-initial elementor-widget elementor-widget-text-editor\" data-id=\"2c0995c\" data-element_type=\"widget\" data-widget_type=\"text-editor.default\">\n\t\t\t\t\t\t\t\t\t<p data-start=\"0\" data-end=\"473\">C\u00e1c trang tr\u1ea1i s\u1eefa \u0111\u1ea1t ch\u1ee9ng nh\u1eadn A2 c\u1ee7a ch\u00fang t\u00f4i cung c\u1ea5p ngu\u1ed3n s\u1eefa A2 ch\u1ea5t l\u01b0\u1ee3ng cao nh\u1ea5t, tu\u00e2n th\u1ee7 nghi\u00eam ng\u1eb7t c\u00e1c ti\u00eau chu\u1ea9n v\u1ec1 v\u1ec7 sinh v\u00e0 an to\u00e0n th\u1ef1c ph\u1ea9m. Visser &amp; Sons l\u1ef1a ch\u1ecdn nguy\u00ean li\u1ec7u \u0111\u1ea7u v\u00e0o m\u1ed9t c\u00e1ch c\u1ea9n tr\u1ecdng t\u1eeb c\u00e1c nh\u00e0 cung c\u1ea5p uy t\u00edn. Trong v\u00f2ng 24 gi\u1edd, s\u1eefa A2 t\u01b0\u01a1i nguy\u00ean t\u1eeb H\u00e0 Lan \u0111\u01b0\u1ee3c ch\u1ebf bi\u1ebfn th\u00e0nh s\u1eefa b\u1ed9t h\u1ea1ng nh\u1ea5t. Ch\u00ednh ngu\u1ed3n s\u1eefa tuy\u1ec7t h\u1ea3o n\u00e0y gi\u00fap ch\u00fang t\u00f4i mang \u0111\u1ebfn c\u00e1c d\u00f2ng s\u1eefa b\u1ed9t cao c\u1ea5p ph\u1ee5c v\u1ee5 nhi\u1ec1u \u1ee9ng d\u1ee5ng kh\u00e1c nhau tr\u00ean to\u00e0n th\u1ebf gi\u1edbi.<\/p><p data-start=\"475\" data-end=\"855\" data-is-last-node=\"\" data-is-only-node=\"\">Ch\u00fang t\u00f4i th\u1ef1c hi\u1ec7n ki\u1ec3m tra \u0111\u1ecbnh k\u1ef3 t\u1ea1i c\u00e1c ph\u00f2ng th\u00ed nghi\u1ec7m \u0111\u01b0\u1ee3c c\u00f4ng nh\u1eadn v\u00e0 kh\u00f4ng ng\u1eebng c\u1ea3i ti\u1ebfn s\u1ea3n ph\u1ea9m. T\u1ed5 ch\u1ee9c Trung \u01b0\u01a1ng v\u1ec1 Ki\u1ec3m \u0111\u1ecbnh Ch\u1ea5t l\u01b0\u1ee3ng S\u1eefa (COKZ) gi\u00e1m s\u00e1t ch\u1eb7t ch\u1ebd vi\u1ec7c tu\u00e2n th\u1ee7 c\u00e1c ti\u00eau chu\u1ea9n h\u00e0ng h\u00f3a v\u00e0 quy \u0111\u1ecbnh c\u1ee7a Li\u00ean minh ch\u00e2u \u00c2u. B\u00ean c\u1ea1nh \u0111\u00f3, s\u1ea3n ph\u1ea9m c\u1ee7a ch\u00fang t\u00f4i c\u00f2n \u0111\u01b0\u1ee3c \u0111\u00e1nh gi\u00e1 h\u00e0ng ng\u00e0y v\u1ec1 h\u01b0\u01a1ng v\u1ecb, m\u00f9i v\u00e0 m\u00e0u s\u1eafc \u0111\u1ec3 \u0111\u1ea3m b\u1ea3o ch\u1ea5t l\u01b0\u1ee3ng v\u01b0\u1ee3t tr\u1ed9i.<\/p>\t\t\t\t\t\t\t\t<\/div>\n\t\t\t\t<\/div>\n\t\t<div class=\"elementor-element elementor-element-11f1dc3 e-con-full e-flex e-con e-child\" data-id=\"11f1dc3\" data-element_type=\"container\" data-settings=\"{&quot;background_background&quot;:&quot;classic&quot;}\">\n\t\t\t\t<div class=\"elementor-element elementor-element-f85d14c elementor-widget__width-initial elementor-widget elementor-widget-heading\" data-id=\"f85d14c\" data-element_type=\"widget\" data-widget_type=\"heading.default\">\n\t\t\t\t\t<h2 class=\"elementor-heading-title elementor-size-default\">Ch\u1ea5t l\u01b0\u1ee3ng.<\/h2>\t\t\t\t<\/div>\n\t\t\t\t<div class=\"elementor-element elementor-element-112e38a elementor-widget__width-initial elementor-widget elementor-widget-text-editor\" data-id=\"112e38a\" data-element_type=\"widget\" data-widget_type=\"text-editor.default\">\n\t\t\t\t\t\t\t\t\t<p data-start=\"0\" data-end=\"180\">T\u1ea1i Visser &amp; Sons, ch\u00fang t\u00f4i cam k\u1ebft ch\u1ea5t l\u01b0\u1ee3ng v\u00e0 an to\u00e0n th\u1ef1c ph\u1ea9m lu\u00f4n \u0111\u01b0\u1ee3c \u0111\u1ea3m b\u1ea3o th\u00f4ng qua s\u1ef1 minh b\u1ea1ch v\u00e0 t\u00ednh x\u00e1c th\u1ef1c \u2014 t\u1eeb ngu\u1ed3n g\u1ed1c s\u1ea3n ph\u1ea9m \u0111\u1ebfn to\u00e0n b\u1ed9 chu\u1ed7i cung \u1ee9ng.<\/p><p data-start=\"182\" data-end=\"502\">Ho\u1ea1t \u0111\u1ed9ng c\u1ee7a ch\u00fang t\u00f4i bao tr\u00f9m to\u00e0n b\u1ed9 chu\u1ed7i ng\u00e0nh s\u1eefa \u2014 t\u1eeb \u0111\u1ed3ng c\u1ecf \u0111\u1ebfn ly s\u1eefa. \u0110i\u1ec1u \u0111\u00f3 c\u00f3 ngh\u0129a l\u00e0 b\u1ea1n c\u00f3 th\u1ec3 tin t\u01b0\u1edfng ch\u00fang t\u00f4i trong m\u1ecdi giai \u0111o\u1ea1n: t\u1eeb thu mua, s\u1ea3n xu\u1ea5t, ph\u00e2n ph\u1ed1i \u0111\u1ebfn v\u1eadn chuy\u1ec3n. Trong su\u1ed1t quy tr\u00ecnh n\u00e0y, ch\u00fang t\u00f4i li\u00ean t\u1ee5c ki\u1ec3m tra ch\u1ea5t l\u01b0\u1ee3ng s\u1ea3n ph\u1ea9m v\u00e0 d\u1ecbch v\u1ee5 \u0111\u1ec3 \u0111\u1ea3m b\u1ea3o ti\u00eau chu\u1ea9n cao nh\u1ea5t.<\/p><p data-start=\"504\" data-end=\"648\" data-is-last-node=\"\" data-is-only-node=\"\">Nh\u1edd \u0111\u00f3, c\u00e1c s\u1ea3n ph\u1ea9m c\u1ee7a ch\u00fang t\u00f4i c\u00f3 th\u1ec3 \u0111\u01b0\u1ee3c cung c\u1ea5p \u0111\u1ebfn m\u1ecdi n\u01a1i tr\u00ean th\u1ebf gi\u1edbi, b\u1ea5t k\u1ec3 m\u00f9a v\u1ee5.<br data-start=\"601\" data-end=\"604\" \/>B\u1ea1n lu\u00f4n c\u00f3 th\u1ec3 tin t\u01b0\u1edfng v\u00e0o Visser &amp; Sons.<\/p>\t\t\t\t\t\t\t\t<\/div>\n\t\t\t\t<\/div>\n\t\t\t\t\t<\/div>\n\t\t\t\t<\/div>\n\t\t\t\t<\/div>\n\t\t","protected":false},"excerpt":{"rendered":"<p>Ch\u1ea5t l\u01b0\u1ee3ng &amp; An To\u00e0n Ti\u00eau Chu\u1ea9n Ch\u1ea5t L\u01b0\u1ee3ng &amp; An To\u00e0n C\u00e1c trang tr\u1ea1i s\u1eefa \u0111\u1ea1t ch\u1ee9ng nh\u1eadn A2 c\u1ee7a ch\u00fang t\u00f4i cung c\u1ea5p ngu\u1ed3n s\u1eefa A2 ch\u1ea5t l\u01b0\u1ee3ng cao nh\u1ea5t, tu\u00e2n th\u1ee7 nghi\u00eam ng\u1eb7t c\u00e1c ti\u00eau chu\u1ea9n v\u1ec1 v\u1ec7 sinh v\u00e0 an to\u00e0n th\u1ef1c ph\u1ea9m. Visser &amp; Sons l\u1ef1a ch\u1ecdn nguy\u00ean li\u1ec7u \u0111\u1ea7u [&hellip;]<\/p>\n","protected":false},"author":1,"featured_media":0,"parent":0,"menu_order":0,"comment_status":"closed","ping_status":"closed","template":"","meta":{"_acf_changed":false,"footnotes":""},"class_list":["post-34","page","type-page","status-publish","hentry"],"acf":[],"_links":{"self":[{"href":"https:\/\/visserandsons.com.vn\/vi\/wp-json\/wp\/v2\/pages\/34","targetHints":{"allow":["GET"]}}],"collection":[{"href":"https:\/\/visserandsons.com.vn\/vi\/wp-json\/wp\/v2\/pages"}],"about":[{"href":"https:\/\/visserandsons.com.vn\/vi\/wp-json\/wp\/v2\/types\/page"}],"author":[{"embeddable":true,"href":"https:\/\/visserandsons.com.vn\/vi\/wp-json\/wp\/v2\/users\/1"}],"replies":[{"embeddable":true,"href":"https:\/\/visserandsons.com.vn\/vi\/wp-json\/wp\/v2\/comments?post=34"}],"version-history":[{"count":5,"href":"https:\/\/visserandsons.com.vn\/vi\/wp-json\/wp\/v2\/pages\/34\/revisions"}],"predecessor-version":[{"id":464,"href":"https:\/\/visserandsons.com.vn\/vi\/wp-json\/wp\/v2\/pages\/34\/revisions\/464"}],"wp:attachment":[{"href":"https:\/\/visserandsons.com.vn\/vi\/wp-json\/wp\/v2\/media?parent=34"}],"curies":[{"name":"wp","href":"https:\/\/api.w.org\/{rel}","templated":true}]}}