{"id":255,"date":"2025-10-11T15:12:45","date_gmt":"2025-10-11T08:12:45","guid":{"rendered":"https:\/\/baluxaa2milk.com\/?page_id=255"},"modified":"2025-10-18T11:44:41","modified_gmt":"2025-10-18T04:44:41","slug":"our-a2-farmers","status":"publish","type":"page","link":"https:\/\/visserandsons.com.vn\/vi\/our-a2-farmers\/","title":{"rendered":"Our A2 Farmers"},"content":{"rendered":"\t\t<div data-elementor-type=\"wp-page\" data-elementor-id=\"255\" class=\"elementor elementor-255\" data-elementor-post-type=\"page\">\n\t\t\t\t<div class=\"elementor-element elementor-element-be3aaf7 e-con-full e-flex e-con e-parent\" data-id=\"be3aaf7\" data-element_type=\"container\" data-settings=\"{&quot;background_background&quot;:&quot;slideshow&quot;,&quot;background_slideshow_gallery&quot;:[{&quot;id&quot;:306,&quot;url&quot;:&quot;https:\\\/\\\/visserandsons.com.vn\\\/wp-content\\\/uploads\\\/2025\\\/10\\\/our-a2-farmers-tr-1.png&quot;}],&quot;shape_divider_bottom&quot;:&quot;triangle&quot;,&quot;shape_divider_bottom_negative&quot;:&quot;yes&quot;,&quot;background_slideshow_loop&quot;:&quot;yes&quot;,&quot;background_slideshow_slide_duration&quot;:5000,&quot;background_slideshow_slide_transition&quot;:&quot;fade&quot;,&quot;background_slideshow_transition_duration&quot;:500}\">\n\t\t\t\t<div class=\"elementor-shape elementor-shape-bottom\" aria-hidden=\"true\" data-negative=\"true\">\n\t\t\t<svg xmlns=\"http:\/\/www.w3.org\/2000\/svg\" viewBox=\"0 0 1000 100\" preserveAspectRatio=\"none\">\n\t<path class=\"elementor-shape-fill\" d=\"M500.2,94.7L0,0v100h1000V0L500.2,94.7z\"\/>\n<\/svg>\t\t<\/div>\n\t\t\t\t<div class=\"elementor-element elementor-element-822a2cc elementor-widget elementor-widget-image\" data-id=\"822a2cc\" data-element_type=\"widget\" data-widget_type=\"image.default\">\n\t\t\t\t\t\t\t\t\t\t\t\t\t\t\t<img decoding=\"async\" width=\"200\" height=\"200\" src=\"https:\/\/visserandsons.com.vn\/wp-content\/uploads\/2025\/10\/cropped-logo-visser-rand-200-150x150-1-200x200-1.png\" class=\"attachment-large size-large wp-image-47\" alt=\"\" srcset=\"https:\/\/visserandsons.com.vn\/wp-content\/uploads\/2025\/10\/cropped-logo-visser-rand-200-150x150-1-200x200-1.png 200w, https:\/\/visserandsons.com.vn\/wp-content\/uploads\/2025\/10\/cropped-logo-visser-rand-200-150x150-1-200x200-1-150x150.png 150w, https:\/\/visserandsons.com.vn\/wp-content\/uploads\/2025\/10\/cropped-logo-visser-rand-200-150x150-1-200x200-1-12x12.png 12w\" sizes=\"(max-width: 200px) 100vw, 200px\" \/>\t\t\t\t\t\t\t\t\t\t\t\t\t\t\t<\/div>\n\t\t\t\t<\/div>\n\t\t<div class=\"elementor-element elementor-element-217281f e-con-full e-flex e-con e-parent\" data-id=\"217281f\" data-element_type=\"container\">\n\t\t\t\t<div class=\"elementor-element elementor-element-12be6db elementor-widget elementor-widget-heading\" data-id=\"12be6db\" data-element_type=\"widget\" data-widget_type=\"heading.default\">\n\t\t\t\t\t<h2 class=\"elementor-heading-title elementor-size-default\">T\u1eeb \u0111\u1ed3ng xanh H\u00e0 Lan \u2013 s\u1eefa A2 thu\u1ea7n h\u1eefu c\u01a1<\/h2>\t\t\t\t<\/div>\n\t\t\t\t<div class=\"elementor-element elementor-element-1d45923 elementor-widget elementor-widget-text-editor\" data-id=\"1d45923\" data-element_type=\"widget\" data-widget_type=\"text-editor.default\">\n\t\t\t\t\t\t\t\t\t<p>H\u1ed3i nguy\u00ean tinh th\u1ea7n n\u00f4ng phu thu\u1edf s\u01a1 khai<\/p>\t\t\t\t\t\t\t\t<\/div>\n\t\t<div class=\"elementor-element elementor-element-6a472f4 e-flex e-con-boxed e-con e-child\" data-id=\"6a472f4\" data-element_type=\"container\">\n\t\t\t\t\t<div class=\"e-con-inner\">\n\t\t\t\t<div class=\"elementor-element elementor-element-089d0bc elementor-widget elementor-widget-text-editor\" data-id=\"089d0bc\" data-element_type=\"widget\" data-widget_type=\"text-editor.default\">\n\t\t\t\t\t\t\t\t\t<p>H\u00e3y l\u00e0m g\u01b0\u01a1ng v\u1ec1 n\u00f4ng nghi\u1ec7p b\u1ec1n v\u1eefng v\u00e0 \u0111a d\u1ea1ng sinh h\u1ecdc, v\u00e0 ch\u00fang t\u00f4i n\u1ed7 l\u1ef1c h\u1ebft m\u00ecnh \u0111\u1ec3 b\u1ea3o t\u1ed3n thi\u00ean nhi\u00ean.<\/p><p>Ch\u00fang t\u00f4i n\u1ed7 l\u1ef1c \u00e1p d\u1ee5ng nguy\u00ean t\u1eafc sinh h\u1ecdc \u0111\u1ed9ng v\u1edbi nh\u1eefng ng\u01b0\u1eddi n\u00f4ng d\u00e2n Organic A2. \u0110i\u1ec1u n\u00e0y c\u00f3 ngh\u0129a l\u00e0 n\u00f4ng d\u00e2n c\u1ee7a ch\u00fang t\u00f4i \u0111\u1ed1i x\u1eed v\u1edbi \u0111\u1ea5t \u0111ai b\u1eb1ng s\u1ef1 t\u00f4n tr\u1ecdng x\u1ee9ng \u0111\u00e1ng \u0111\u1ec3 b\u1ea3o t\u1ed3n n\u00f3 cho c\u00e1c th\u1ebf h\u1ec7 t\u01b0\u01a1ng lai. Ch\u00fang t\u00f4i ti\u1ebfp c\u1eadn m\u1ecdi th\u1ee9 theo quan \u0111i\u1ec3m b\u1ec1n v\u1eefng: ch\u1ea5t l\u01b0\u1ee3ng \u0111\u1ea5t v\u00e0 c\u00e2y tr\u1ed3ng, \u0111\u1ed9ng v\u1eadt \u0103n c\u1ecf tr\u00ean \u0111\u1ea5t v\u00e0 con ng\u01b0\u1eddi l\u00e0m vi\u1ec7c tr\u00ean \u0111\u1ea5t. M\u1ee5c ti\u00eau c\u1ee7a ch\u00fang t\u00f4i l\u00e0 gi\u1ea3m thi\u1ec3u t\u00e1c \u0111\u1ed9ng \u0111\u1ebfn m\u00f4i tr\u01b0\u1eddng, t\u1eadp trung v\u00e0o vi\u1ec7c t\u1ea1o ra: L\u1ee3i \u00edch x\u00e3 h\u1ed9i, L\u1ee3i \u00edch t\u1ef1 nhi\u00ean, L\u1ee3i \u00edch t\u00e0i ch\u00ednh v\u00e0 cu\u1ed1i c\u00f9ng l\u00e0 C\u1ea3m h\u1ee9ng. Hy v\u1ecdng v\u00e0 c\u1ea3m h\u1ee9ng cho m\u1ed9t t\u01b0\u01a1ng lai, n\u01a1i con ng\u01b0\u1eddi c\u00f3 th\u1ec3 s\u1ed1ng qua nhi\u1ec1u th\u1ebf h\u1ec7 tr\u00ean m\u1ea3nh \u0111\u1ea5t m\u00e0u m\u1ee1 m\u00e0 h\u1ecd canh t\u00e1c. B\u1eb1ng c\u00e1ch n\u00e0y, nguy\u00ean t\u1eafc n\u00f4ng nghi\u1ec7p n\u00e0y t\u1ea1o ra s\u1ef1 c\u00e2n b\u1eb1ng t\u1ed1t cho m\u1ed9t n\u1ec1n n\u00f4ng nghi\u1ec7p b\u1ec1n v\u1eefng v\u00e0 sinh l\u1eddi cho c\u1ea3 thi\u00ean nhi\u00ean v\u00e0 con ng\u01b0\u1eddi.<\/p>\t\t\t\t\t\t\t\t<\/div>\n\t\t\t\t\t<\/div>\n\t\t\t\t<\/div>\n\t\t\t\t<div class=\"elementor-element elementor-element-0c1494e elementor-widget elementor-widget-heading\" data-id=\"0c1494e\" data-element_type=\"widget\" data-widget_type=\"heading.default\">\n\t\t\t\t\t<h2 class=\"elementor-heading-title elementor-size-default\">Chu k\u1ef3 b\u1ec1n v\u1eefng<\/h2>\t\t\t\t<\/div>\n\t\t<div class=\"elementor-element elementor-element-14e0ea7 e-flex e-con-boxed e-con e-child\" data-id=\"14e0ea7\" data-element_type=\"container\">\n\t\t\t\t\t<div class=\"e-con-inner\">\n\t\t\t\t<div class=\"elementor-element elementor-element-16e8ec4 elementor-widget elementor-widget-text-editor\" data-id=\"16e8ec4\" data-element_type=\"widget\" data-widget_type=\"text-editor.default\">\n\t\t\t\t\t\t\t\t\t<p>T\u1eeb nh\u1eefng ch\u00fa b\u00f2 s\u1ea3n xu\u1ea5t s\u1eefa h\u1eefu c\u01a1 A2 b\u00e9o ng\u1eady cho \u0111\u1ebfn nh\u1eefng lon s\u1eefa c\u1ee7a ch\u00fang t\u00f4i, t\u1ea5t c\u1ea3 \u0111\u1ec1u l\u00e0 m\u1ed9t ph\u1ea7n c\u1ee7a chu tr\u00ecnh b\u1ec1n v\u1eefng. Kh\u00f4ng thu\u1ed1c tr\u1eeb s\u00e2u, kh\u00f4ng ph\u1ee5 gia t\u1ed5ng h\u1ee3p, kh\u00f4ng ph\u00e2n b\u00f3n v\u00e0 kh\u00f4ng \u0111\u1ea5t n\u00f4ng nghi\u1ec7p b\u1ecb khai th\u00e1c qu\u00e1 m\u1ee9c; \u0111\u1ec3 \u0111\u1ea5t n\u01b0\u1edbc c\u00f3 th\u1ec3 t\u1ef1 cung t\u1ef1 c\u1ea5p v\u00e0 ph\u1ee5c h\u1ed3i m\u1ed9t c\u00e1ch t\u1ef1 nhi\u00ean. Kh\u00f4ng gian r\u1ed9ng l\u1edbn, v\u00ec v\u1eady ch\u00fang t\u00f4i t\u1ef1 tr\u1ed3ng th\u1ee9c \u0103n ch\u0103n nu\u00f4i v\u00e0 s\u1eed d\u1ee5ng ph\u00e2n b\u00f2 tr\u00ean \u0111\u1ea5t, kh\u00e9p l\u1ea1i chu tr\u00ecnh. Nh\u1eefng ch\u00fa b\u00f2 A2 h\u1eefu c\u01a1 H\u00e0 Lan c\u1ee7a ch\u00fang t\u00f4i \u0111\u01b0\u1ee3c \u0111\u1ed1i x\u1eed t\u00f4n tr\u1ecdng, v\u00e0 c\u00f9ng v\u1edbi nh\u1eefng ng\u01b0\u1eddi n\u00f4ng d\u00e2n, ch\u00fang t\u00f4i c\u00f3 l\u1ebd l\u00e0 nh\u00e0 s\u1ea3n xu\u1ea5t s\u1eefa c\u00f3 tr\u00e1ch nhi\u1ec7m x\u00e3 h\u1ed9i h\u00e0ng \u0111\u1ea7u t\u1ea1i H\u00e0 Lan.<\/p>\t\t\t\t\t\t\t\t<\/div>\n\t\t\t\t\t<\/div>\n\t\t\t\t<\/div>\n\t\t\t\t<div class=\"elementor-element elementor-element-53ef2ea elementor-widget elementor-widget-heading\" data-id=\"53ef2ea\" data-element_type=\"widget\" data-widget_type=\"heading.default\">\n\t\t\t\t\t<h2 class=\"elementor-heading-title elementor-size-default\">Ngo\u00e0i ra, trang tr\u1ea1i c\u1ee7a ch\u00fang t\u00f4i s\u1eed d\u1ee5ng c\u00f4ng ngh\u1ec7 m\u1edbi nh\u1ea5t \u0111\u1ec3 \u0111\u1ea1t \u0111\u01b0\u1ee3c m\u1ee9c trung h\u00f2a n\u0103ng l\u01b0\u1ee3ng v\u00e0 CO2 cao nh\u1ea5t c\u00f3 th\u1ec3.<\/h2>\t\t\t\t<\/div>\n\t\t\t\t<\/div>\n\t\t<div class=\"elementor-element elementor-element-61aeef1 e-con-full e-flex e-con e-parent\" data-id=\"61aeef1\" data-element_type=\"container\" data-settings=\"{&quot;background_background&quot;:&quot;slideshow&quot;,&quot;background_slideshow_gallery&quot;:[{&quot;id&quot;:953,&quot;url&quot;:&quot;https:\\\/\\\/visserandsons.com.vn\\\/wp-content\\\/uploads\\\/2025\\\/10\\\/melkmolen.jpg&quot;}],&quot;background_slideshow_loop&quot;:&quot;yes&quot;,&quot;background_slideshow_slide_duration&quot;:5000,&quot;background_slideshow_slide_transition&quot;:&quot;fade&quot;,&quot;background_slideshow_transition_duration&quot;:500}\">\n\t\t\t\t<\/div>\n\t\t\t\t<\/div>\n\t\t","protected":false},"excerpt":{"rendered":"<p>T\u1eeb \u0111\u1ed3ng xanh H\u00e0 Lan \u2013 s\u1eefa A2 thu\u1ea7n h\u1eefu c\u01a1 H\u1ed3i nguy\u00ean tinh th\u1ea7n n\u00f4ng phu thu\u1edf s\u01a1 khai H\u00e3y l\u00e0m g\u01b0\u01a1ng v\u1ec1 n\u00f4ng nghi\u1ec7p b\u1ec1n v\u1eefng v\u00e0 \u0111a d\u1ea1ng sinh h\u1ecdc, v\u00e0 ch\u00fang t\u00f4i n\u1ed7 l\u1ef1c h\u1ebft m\u00ecnh \u0111\u1ec3 b\u1ea3o t\u1ed3n thi\u00ean nhi\u00ean. Ch\u00fang t\u00f4i n\u1ed7 l\u1ef1c \u00e1p d\u1ee5ng nguy\u00ean t\u1eafc sinh h\u1ecdc [&hellip;]<\/p>\n","protected":false},"author":2,"featured_media":0,"parent":0,"menu_order":0,"comment_status":"closed","ping_status":"closed","template":"","meta":{"_acf_changed":false,"footnotes":""},"class_list":["post-255","page","type-page","status-publish","hentry"],"acf":[],"_links":{"self":[{"href":"https:\/\/visserandsons.com.vn\/vi\/wp-json\/wp\/v2\/pages\/255","targetHints":{"allow":["GET"]}}],"collection":[{"href":"https:\/\/visserandsons.com.vn\/vi\/wp-json\/wp\/v2\/pages"}],"about":[{"href":"https:\/\/visserandsons.com.vn\/vi\/wp-json\/wp\/v2\/types\/page"}],"author":[{"embeddable":true,"href":"https:\/\/visserandsons.com.vn\/vi\/wp-json\/wp\/v2\/users\/2"}],"replies":[{"embeddable":true,"href":"https:\/\/visserandsons.com.vn\/vi\/wp-json\/wp\/v2\/comments?post=255"}],"version-history":[{"count":163,"href":"https:\/\/visserandsons.com.vn\/vi\/wp-json\/wp\/v2\/pages\/255\/revisions"}],"predecessor-version":[{"id":1099,"href":"https:\/\/visserandsons.com.vn\/vi\/wp-json\/wp\/v2\/pages\/255\/revisions\/1099"}],"wp:attachment":[{"href":"https:\/\/visserandsons.com.vn\/vi\/wp-json\/wp\/v2\/media?parent=255"}],"curies":[{"name":"wp","href":"https:\/\/api.w.org\/{rel}","templated":true}]}}