{"id":17,"date":"2025-10-02T01:48:31","date_gmt":"2025-10-02T01:48:31","guid":{"rendered":"https:\/\/baluxaa2milk.com\/?page_id=17"},"modified":"2025-10-18T08:49:04","modified_gmt":"2025-10-18T01:49:04","slug":"home","status":"publish","type":"page","link":"https:\/\/visserandsons.com.vn\/vi\/","title":{"rendered":"Home Page"},"content":{"rendered":"\t\t<div data-elementor-type=\"wp-page\" data-elementor-id=\"17\" class=\"elementor elementor-17\" data-elementor-post-type=\"page\">\n\t\t\t\t<div class=\"elementor-element elementor-element-efc85a7 e-con-full e-flex e-con e-parent\" data-id=\"efc85a7\" data-element_type=\"container\" data-settings=\"{&quot;background_background&quot;:&quot;slideshow&quot;,&quot;background_slideshow_gallery&quot;:[{&quot;id&quot;:884,&quot;url&quot;:&quot;https:\\\/\\\/violet-cattle-735906.hostingersite.com\\\/wp-content\\\/uploads\\\/2025\\\/10\\\/aziatische-vrouw-basis.jpg&quot;}],&quot;shape_divider_bottom&quot;:&quot;triangle&quot;,&quot;shape_divider_bottom_negative&quot;:&quot;yes&quot;,&quot;background_slideshow_loop&quot;:&quot;yes&quot;,&quot;background_slideshow_slide_duration&quot;:5000,&quot;background_slideshow_slide_transition&quot;:&quot;fade&quot;,&quot;background_slideshow_transition_duration&quot;:500}\">\n\t\t\t\t<div class=\"elementor-shape elementor-shape-bottom\" aria-hidden=\"true\" data-negative=\"true\">\n\t\t\t<svg xmlns=\"http:\/\/www.w3.org\/2000\/svg\" viewBox=\"0 0 1000 100\" preserveAspectRatio=\"none\">\n\t<path class=\"elementor-shape-fill\" d=\"M500.2,94.7L0,0v100h1000V0L500.2,94.7z\"\/>\n<\/svg>\t\t<\/div>\n\t\t<div class=\"elementor-element elementor-element-e8dee99 e-flex e-con-boxed e-con e-child\" data-id=\"e8dee99\" data-element_type=\"container\">\n\t\t\t\t\t<div class=\"e-con-inner\">\n\t\t\t\t<div class=\"elementor-element elementor-element-e253668 elementor-widget elementor-widget-heading\" data-id=\"e253668\" data-element_type=\"widget\" data-widget_type=\"heading.default\">\n\t\t\t\t\t<h2 class=\"elementor-heading-title elementor-size-default\">\nHealthy and Nutritious\n<\/h2>\t\t\t\t<\/div>\n\t\t\t\t<div class=\"elementor-element elementor-element-d2481a4 elementor-widget elementor-widget-heading\" data-id=\"d2481a4\" data-element_type=\"widget\" data-widget_type=\"heading.default\">\n\t\t\t\t\t<h2 class=\"elementor-heading-title elementor-size-default\">Light digestible<\/h2>\t\t\t\t<\/div>\n\t\t\t\t<div class=\"elementor-element elementor-element-79de6d2 elementor-widget elementor-widget-heading\" data-id=\"79de6d2\" data-element_type=\"widget\" data-widget_type=\"heading.default\">\n\t\t\t\t\t<h2 class=\"elementor-heading-title elementor-size-default\"><h2 class=\"elementor-heading-title elementor-size-default\">Dutch A2 milk powder<\/h2><\/h2>\t\t\t\t<\/div>\n\t\t\t\t\t<\/div>\n\t\t\t\t<\/div>\n\t\t\t\t<div class=\"elementor-element elementor-element-5e82ce4 elementor-widget__width-initial elementor-absolute elementor-invisible elementor-widget elementor-widget-image\" data-id=\"5e82ce4\" data-element_type=\"widget\" data-settings=\"{&quot;_position&quot;:&quot;absolute&quot;,&quot;_animation&quot;:&quot;slideInLeft&quot;}\" data-widget_type=\"image.default\">\n\t\t\t\t\t\t\t\t\t\t\t\t\t\t\t<img fetchpriority=\"high\" decoding=\"async\" width=\"400\" height=\"561\" src=\"https:\/\/visserandsons.com.vn\/wp-content\/uploads\/2025\/10\/800g-logo-variant-pres-optie-5-400x561-1.png\" class=\"attachment-large size-large wp-image-885\" alt=\"\" srcset=\"https:\/\/visserandsons.com.vn\/wp-content\/uploads\/2025\/10\/800g-logo-variant-pres-optie-5-400x561-1.png 400w, https:\/\/visserandsons.com.vn\/wp-content\/uploads\/2025\/10\/800g-logo-variant-pres-optie-5-400x561-1-214x300.png 214w, https:\/\/visserandsons.com.vn\/wp-content\/uploads\/2025\/10\/800g-logo-variant-pres-optie-5-400x561-1-9x12.png 9w\" sizes=\"(max-width: 400px) 100vw, 400px\" \/>\t\t\t\t\t\t\t\t\t\t\t\t\t\t\t<\/div>\n\t\t\t\t<div class=\"elementor-element elementor-element-af9d1ed elementor-widget__width-initial elementor-absolute animated-slow elementor-invisible elementor-widget elementor-widget-image\" data-id=\"af9d1ed\" data-element_type=\"widget\" data-settings=\"{&quot;_position&quot;:&quot;absolute&quot;,&quot;_animation&quot;:&quot;slideInLeft&quot;,&quot;_animation_delay&quot;:0}\" data-widget_type=\"image.default\">\n\t\t\t\t\t\t\t\t\t\t\t\t\t\t\t<img decoding=\"async\" width=\"500\" height=\"479\" src=\"https:\/\/visserandsons.com.vn\/wp-content\/uploads\/2025\/10\/Opzicht-doosje-melk-basis-11-mei.png\" class=\"attachment-large size-large wp-image-886\" alt=\"\" srcset=\"https:\/\/visserandsons.com.vn\/wp-content\/uploads\/2025\/10\/Opzicht-doosje-melk-basis-11-mei.png 500w, https:\/\/visserandsons.com.vn\/wp-content\/uploads\/2025\/10\/Opzicht-doosje-melk-basis-11-mei-300x287.png 300w, https:\/\/visserandsons.com.vn\/wp-content\/uploads\/2025\/10\/Opzicht-doosje-melk-basis-11-mei-13x12.png 13w\" sizes=\"(max-width: 500px) 100vw, 500px\" \/>\t\t\t\t\t\t\t\t\t\t\t\t\t\t\t<\/div>\n\t\t\t\t<\/div>\n\t\t<div class=\"elementor-element elementor-element-c652932 e-flex e-con-boxed elementor-invisible e-con e-parent\" data-id=\"c652932\" data-element_type=\"container\" data-settings=\"{&quot;background_background&quot;:&quot;classic&quot;,&quot;animation&quot;:&quot;fadeIn&quot;}\">\n\t\t\t\t\t<div class=\"e-con-inner\">\n\t\t\t\t<div class=\"elementor-element elementor-element-5d4b306 elementor-widget elementor-widget-heading\" data-id=\"5d4b306\" data-element_type=\"widget\" data-widget_type=\"heading.default\">\n\t\t\t\t\t<h2 class=\"elementor-heading-title elementor-size-default\">VISSER &amp; SONS<\/h2>\t\t\t\t<\/div>\n\t\t<div class=\"elementor-element elementor-element-36f0f93 e-con-full e-flex e-con e-child\" data-id=\"36f0f93\" data-element_type=\"container\" data-settings=\"{&quot;background_background&quot;:&quot;classic&quot;}\">\n\t\t\t\t<div class=\"elementor-element elementor-element-5fe63cc elementor-widget elementor-widget-heading\" data-id=\"5fe63cc\" data-element_type=\"widget\" data-widget_type=\"heading.default\">\n\t\t\t\t\t<h2 class=\"elementor-heading-title elementor-size-default\">V\u1ec1 Ch\u00fang T\u00f4i<\/h2>\t\t\t\t<\/div>\n\t\t\t\t<div class=\"elementor-element elementor-element-691efef elementor-widget__width-initial elementor-widget elementor-widget-text-editor\" data-id=\"691efef\" data-element_type=\"widget\" data-widget_type=\"text-editor.default\">\n\t\t\t\t\t\t\t\t\t<p data-start=\"113\" data-end=\"289\">VISSER &amp; SONS ch\u00fang t\u00f4i l\u00e0 m\u1ed9t c\u00f4ng ty s\u1eefa ho\u1ea1t \u0111\u1ed9ng qu\u1ed1c t\u1ebf c\u00f3 tr\u1ee5 s\u1edf t\u1ea1i Amsterdam, cam k\u1ebft mang \u0111\u1ebfn c\u00e1c s\u1ea3n ph\u1ea9m s\u1eefa A2 h\u1eefu c\u01a1 t\u1eeb H\u00e0 Lan v\u1edbi ch\u1ea5t l\u01b0\u1ee3ng v\u01b0\u1ee3t tr\u1ed9i, l\u00e0nh m\u1ea1nh v\u00e0 b\u1ec1n v\u1eefng.<\/p><p data-start=\"291\" data-end=\"661\">Tr\u00ean to\u00e0n c\u1ea7u, nhu c\u1ea7u v\u1ec1 th\u1ef1c ph\u1ea9m t\u1ed1t cho s\u1ee9c kh\u1ecfe ng\u00e0y c\u00e0ng gia t\u0103ng. V\u1edbi vai tr\u00f2 l\u00e0 nh\u00e0 s\u1ea3n xu\u1ea5t s\u1eefa b\u1ed9t A2 v\u00e0 c\u00e1c s\u1ea3n ph\u1ea9m dinh d\u01b0\u1ee1ng t\u1eeb s\u1eefa t\u1ea1i H\u00e0 Lan, c\u00f9ng kinh nghi\u1ec7m d\u00e0y d\u1ea1n trong l\u0129nh v\u1ef1c n\u00e0y, ch\u00fang t\u00f4i t\u1ea1o n\u00ean s\u1ef1 kh\u00e1c bi\u1ec7t b\u1eb1ng c\u00e1ch \u0111\u00e1p \u1ee9ng nhu c\u1ea7u ti\u00eau d\u00f9ng to\u00e0n c\u1ea7u th\u00f4ng qua vi\u1ec7c cung c\u1ea5p danh m\u1ee5c s\u1ea3n ph\u1ea9m s\u1eefa b\u1ed9t A2 h\u1eefu c\u01a1 ch\u1ea5t l\u01b0\u1ee3ng cao \u0111\u1ebfn t\u1eeb H\u00e0 Lan.<\/p>\t\t\t\t\t\t\t\t<\/div>\n\t\t\t\t<\/div>\n\t\t\t\t\t<\/div>\n\t\t\t\t<\/div>\n\t\t<div class=\"elementor-element elementor-element-b458928 e-flex e-con-boxed e-con e-parent\" data-id=\"b458928\" data-element_type=\"container\" data-settings=\"{&quot;background_background&quot;:&quot;classic&quot;}\">\n\t\t\t\t\t<div class=\"e-con-inner\">\n\t\t<div class=\"elementor-element elementor-element-1e86bd9 e-flex e-con-boxed elementor-invisible e-con e-child\" data-id=\"1e86bd9\" data-element_type=\"container\" data-settings=\"{&quot;background_background&quot;:&quot;classic&quot;,&quot;animation&quot;:&quot;fadeIn&quot;}\">\n\t\t\t\t\t<div class=\"e-con-inner\">\n\t\t\t\t<div class=\"elementor-element elementor-element-95e04ae elementor-widget elementor-widget-image\" data-id=\"95e04ae\" data-element_type=\"widget\" data-widget_type=\"image.default\">\n\t\t\t\t\t\t\t\t\t\t\t\t\t\t\t\t<a href=\"\/our-a2-farmers\/\">\n\t\t\t\t\t\t\t<img decoding=\"async\" width=\"800\" height=\"256\" src=\"https:\/\/visserandsons.com.vn\/wp-content\/uploads\/2025\/10\/snapedit_1760319277417-e1760319365269-1024x328.jpeg\" class=\"elementor-animation-grow attachment-large size-large wp-image-491\" alt=\"\" srcset=\"https:\/\/visserandsons.com.vn\/wp-content\/uploads\/2025\/10\/snapedit_1760319277417-e1760319365269-1024x328.jpeg 1024w, https:\/\/visserandsons.com.vn\/wp-content\/uploads\/2025\/10\/snapedit_1760319277417-e1760319365269-300x96.jpeg 300w, https:\/\/visserandsons.com.vn\/wp-content\/uploads\/2025\/10\/snapedit_1760319277417-e1760319365269-768x246.jpeg 768w, https:\/\/visserandsons.com.vn\/wp-content\/uploads\/2025\/10\/snapedit_1760319277417-e1760319365269-1536x492.jpeg 1536w, https:\/\/visserandsons.com.vn\/wp-content\/uploads\/2025\/10\/snapedit_1760319277417-e1760319365269-18x6.jpeg 18w, https:\/\/visserandsons.com.vn\/wp-content\/uploads\/2025\/10\/snapedit_1760319277417-e1760319365269.jpeg 1600w\" sizes=\"(max-width: 800px) 100vw, 800px\" \/>\t\t\t\t\t\t\t\t<\/a>\n\t\t\t\t\t\t\t\t\t\t\t\t\t\t\t<\/div>\n\t\t\t\t<div class=\"elementor-element elementor-element-5b36a58 elementor-widget elementor-widget-heading\" data-id=\"5b36a58\" data-element_type=\"widget\" data-widget_type=\"heading.default\">\n\t\t\t\t\t<h2 class=\"elementor-heading-title elementor-size-default\">Trang tr\u1ea1i A2<\/h2>\t\t\t\t<\/div>\n\t\t\t\t\t<\/div>\n\t\t\t\t<\/div>\n\t\t<div class=\"elementor-element elementor-element-83749ea e-flex e-con-boxed elementor-invisible e-con e-child\" data-id=\"83749ea\" data-element_type=\"container\" data-settings=\"{&quot;background_background&quot;:&quot;classic&quot;,&quot;animation&quot;:&quot;fadeIn&quot;}\">\n\t\t\t\t\t<div class=\"e-con-inner\">\n\t\t\t\t<div class=\"elementor-element elementor-element-afa4c03 elementor-widget elementor-widget-image\" data-id=\"afa4c03\" data-element_type=\"widget\" data-widget_type=\"image.default\">\n\t\t\t\t\t\t\t\t\t\t\t\t\t\t\t\t<a href=\"\/organic\">\n\t\t\t\t\t\t\t<img loading=\"lazy\" decoding=\"async\" width=\"660\" height=\"440\" src=\"https:\/\/visserandsons.com.vn\/wp-content\/uploads\/2025\/10\/skal-3.png\" class=\"elementor-animation-grow attachment-full size-full wp-image-339\" alt=\"\" srcset=\"https:\/\/visserandsons.com.vn\/wp-content\/uploads\/2025\/10\/skal-3.png 660w, https:\/\/visserandsons.com.vn\/wp-content\/uploads\/2025\/10\/skal-3-300x200.png 300w, https:\/\/visserandsons.com.vn\/wp-content\/uploads\/2025\/10\/skal-3-18x12.png 18w\" sizes=\"(max-width: 660px) 100vw, 660px\" \/>\t\t\t\t\t\t\t\t<\/a>\n\t\t\t\t\t\t\t\t\t\t\t\t\t\t\t<\/div>\n\t\t\t\t<div class=\"elementor-element elementor-element-1c8ff26 elementor-widget elementor-widget-heading\" data-id=\"1c8ff26\" data-element_type=\"widget\" data-widget_type=\"heading.default\">\n\t\t\t\t\t<h2 class=\"elementor-heading-title elementor-size-default\">H\u1eefu c\u01a1<\/h2>\t\t\t\t<\/div>\n\t\t\t\t\t<\/div>\n\t\t\t\t<\/div>\n\t\t\t\t\t<\/div>\n\t\t\t\t<\/div>\n\t\t<div class=\"elementor-element elementor-element-3218556 e-flex e-con-boxed elementor-invisible e-con e-parent\" data-id=\"3218556\" data-element_type=\"container\" data-settings=\"{&quot;animation&quot;:&quot;fadeIn&quot;}\">\n\t\t\t\t\t<div class=\"e-con-inner\">\n\t\t<div class=\"elementor-element elementor-element-dd39f59 e-con-full e-flex e-con e-child\" data-id=\"dd39f59\" data-element_type=\"container\" data-settings=\"{&quot;background_background&quot;:&quot;classic&quot;}\">\n\t\t\t\t<div class=\"elementor-element elementor-element-42aecd5 elementor-widget elementor-widget-heading\" data-id=\"42aecd5\" data-element_type=\"widget\" data-widget_type=\"heading.default\">\n\t\t\t\t\t<h2 class=\"elementor-heading-title elementor-size-default\">S\u1eefa A2 c\u1ee7a ch\u00fang t\u00f4i \u0111\u1ebfn t\u1eeb \u0111\u00e2u?<\/h2>\t\t\t\t<\/div>\n\t\t\t\t<div class=\"elementor-element elementor-element-4d5d0ba elementor-widget__width-initial elementor-widget elementor-widget-text-editor\" data-id=\"4d5d0ba\" data-element_type=\"widget\" data-widget_type=\"text-editor.default\">\n\t\t\t\t\t\t\t\t\t<p data-start=\"98\" data-end=\"374\">S\u1eefa A2 \u0111\u01b0\u1ee3c s\u1ea3n xu\u1ea5t t\u1ea1i H\u00e0 Lan \u2013 n\u01a1i c\u00f3 m\u1ed9t trong nh\u1eefng ti\u00eau chu\u1ea9n ch\u1ea5t l\u01b0\u1ee3ng s\u1eefa cao nh\u1ea5t th\u1ebf gi\u1edbi. D\u00f2ng s\u1eefa A2 h\u1eefu c\u01a1 c\u1ee7a ch\u00fang t\u00f4i \u0111\u01b0\u1ee3c l\u1ea5y t\u1eeb m\u1ed9t \u0111\u00e0n b\u00f2 H\u00e0 Lan \u0111\u1ed9c nh\u1ea5t, \u0111\u01b0\u1ee3c tuy\u1ec3n ch\u1ecdn k\u1ef9 l\u01b0\u1ee1ng, v\u1edbi kho\u1ea3ng 2.000 con \u0111\u01b0\u1ee3c nu\u00f4i d\u01b0\u1ee1ng t\u1ea1i m\u1ed9t trang tr\u1ea1i qu\u1ea3n l\u00fd b\u1ec1n v\u1eefng.<\/p><p data-start=\"376\" data-end=\"692\">Ch\u1ee9ng nh\u1eadn n\u00e0y l\u00e0 \u0111\u1ed9c nh\u1ea5t v\u00f4 nh\u1ecb tr\u00ean th\u1ebf gi\u1edbi, \u0111\u1ea3m b\u1ea3o r\u1eb1ng to\u00e0n b\u1ed9 s\u1ea3n ph\u1ea9m s\u1eefa A2 h\u1eefu c\u01a1 c\u1ee7a ch\u00fang t\u00f4i \u0111\u1ec1u b\u1eaft ngu\u1ed3n t\u1eeb \u0111\u00e0n b\u00f2 \u0111\u1eb7c bi\u1ec7t n\u00e0y. Nh\u1eefng ch\u00fa b\u00f2 n\u00e0y \u0111\u01b0\u1ee3c ch\u0103n nu\u00f4i theo ph\u01b0\u01a1ng th\u1ee9c h\u1eefu c\u01a1 trong m\u1ed9t trang tr\u1ea1i t\u1ef1 cung t\u1ef1 c\u1ea5p, kh\u00f4ng s\u1eed d\u1ee5ng thu\u1ed1c cho b\u00f2 v\u00e0 \u0111\u1ea3m b\u1ea3o quy tr\u00ecnh s\u1ea3n xu\u1ea5t ho\u00e0n to\u00e0n t\u1ef1 nhi\u00ean.<\/p>\t\t\t\t\t\t\t\t<\/div>\n\t\t\t\t<\/div>\n\t\t\t\t\t<\/div>\n\t\t\t\t<\/div>\n\t\t<div class=\"elementor-element elementor-element-71dba21 video-container e-flex e-con-boxed elementor-invisible e-con e-parent\" data-id=\"71dba21\" data-element_type=\"container\" data-settings=\"{&quot;background_background&quot;:&quot;video&quot;,&quot;background_video_link&quot;:&quot;https:\\\/\\\/baluxaa2milk.com\\\/wp-content\\\/uploads\\\/2025\\\/10\\\/baluxa-young-a2-cows.mp4&quot;,&quot;animation&quot;:&quot;fadeIn&quot;,&quot;background_play_on_mobile&quot;:&quot;yes&quot;}\">\n\t\t\t\t\t<div class=\"e-con-inner\">\n\t\t<div class=\"elementor-background-video-container\" aria-hidden=\"true\">\n\t\t\t\t\t\t\t<video class=\"elementor-background-video-hosted\" autoplay muted playsinline loop><\/video>\n\t\t\t\t\t<\/div>\t\t<div class=\"elementor-element elementor-element-ff236fc elementor-widget elementor-widget-heading\" data-id=\"ff236fc\" data-element_type=\"widget\" data-widget_type=\"heading.default\">\n\t\t\t\t\t<h2 class=\"elementor-heading-title elementor-size-default\">Nh\u1eefng ch\u00fa b\u00f2 \u0111\u01b0\u1ee3c tuy\u1ec3n ch\u1ecdn<\/h2>\t\t\t\t<\/div>\n\t\t\t\t\t<\/div>\n\t\t\t\t<\/div>\n\t\t\t\t<\/div>\n\t\t","protected":false},"excerpt":{"rendered":"<p>Healthy and Nutritious Light digestible Dutch A2 milk powder VISSER &amp; SONS V\u1ec1 Ch\u00fang T\u00f4i VISSER &amp; SONS ch\u00fang t\u00f4i l\u00e0 m\u1ed9t c\u00f4ng ty s\u1eefa ho\u1ea1t \u0111\u1ed9ng qu\u1ed1c t\u1ebf c\u00f3 tr\u1ee5 s\u1edf t\u1ea1i Amsterdam, cam k\u1ebft mang \u0111\u1ebfn c\u00e1c s\u1ea3n ph\u1ea9m s\u1eefa A2 h\u1eefu c\u01a1 t\u1eeb H\u00e0 Lan v\u1edbi ch\u1ea5t l\u01b0\u1ee3ng v\u01b0\u1ee3t tr\u1ed9i, l\u00e0nh m\u1ea1nh [&hellip;]<\/p>\n","protected":false},"author":1,"featured_media":0,"parent":0,"menu_order":0,"comment_status":"closed","ping_status":"closed","template":"","meta":{"_acf_changed":false,"footnotes":""},"class_list":["post-17","page","type-page","status-publish","hentry"],"acf":[],"_links":{"self":[{"href":"https:\/\/visserandsons.com.vn\/vi\/wp-json\/wp\/v2\/pages\/17","targetHints":{"allow":["GET"]}}],"collection":[{"href":"https:\/\/visserandsons.com.vn\/vi\/wp-json\/wp\/v2\/pages"}],"about":[{"href":"https:\/\/visserandsons.com.vn\/vi\/wp-json\/wp\/v2\/types\/page"}],"author":[{"embeddable":true,"href":"https:\/\/visserandsons.com.vn\/vi\/wp-json\/wp\/v2\/users\/1"}],"replies":[{"embeddable":true,"href":"https:\/\/visserandsons.com.vn\/vi\/wp-json\/wp\/v2\/comments?post=17"}],"version-history":[{"count":289,"href":"https:\/\/visserandsons.com.vn\/vi\/wp-json\/wp\/v2\/pages\/17\/revisions"}],"predecessor-version":[{"id":1040,"href":"https:\/\/visserandsons.com.vn\/vi\/wp-json\/wp\/v2\/pages\/17\/revisions\/1040"}],"wp:attachment":[{"href":"https:\/\/visserandsons.com.vn\/vi\/wp-json\/wp\/v2\/media?parent=17"}],"curies":[{"name":"wp","href":"https:\/\/api.w.org\/{rel}","templated":true}]}}