{"id":429,"date":"2025-10-11T16:32:29","date_gmt":"2025-10-11T09:32:29","guid":{"rendered":"https:\/\/baluxaa2milk.com\/?page_id=429"},"modified":"2025-10-16T08:26:20","modified_gmt":"2025-10-16T01:26:20","slug":"elementor-429","status":"publish","type":"page","link":"https:\/\/visserandsons.com.vn\/en\/elementor-429\/","title":{"rendered":"Elementor #429"},"content":{"rendered":"<div data-elementor-type=\"wp-page\" data-elementor-id=\"429\" class=\"elementor elementor-429\" data-elementor-post-type=\"page\">\n\t\t\t\t<div class=\"elementor-element elementor-element-377c751 e-con-full e-flex e-con e-parent\" data-id=\"377c751\" data-element_type=\"container\">\n\t\t\t\t<div class=\"elementor-element elementor-element-040bee4 elementor-widget elementor-widget-heading\" data-id=\"040bee4\" data-element_type=\"widget\" data-widget_type=\"heading.default\">\n\t\t\t\t\t<h2 class=\"elementor-heading-title elementor-size-default\">Our Story<\/h2>\t\t\t\t<\/div>\n\t\t\t\t<div class=\"elementor-element elementor-element-8fec52f elementor-widget elementor-widget-heading\" data-id=\"8fec52f\" data-element_type=\"widget\" data-widget_type=\"heading.default\">\n\t\t\t\t\t<h2 class=\"elementor-heading-title elementor-size-default\">Dairy products and Nutraceuticals<\/h2>\t\t\t\t<\/div>\n\t\t\t\t<div class=\"elementor-element elementor-element-c78644f elementor-widget elementor-widget-text-editor\" data-id=\"c78644f\" data-element_type=\"widget\" data-widget_type=\"text-editor.default\">\n\t\t\t\t\t\t\t\t\t<p>We don\u2019t think about ourselves as a dairy player, and we don\u2019t think about how we\u2019re developing our business in the context of the rest of the industry developing. We focus on what consumers are we serving and how do we best impact their lives today by providing them the very highest quality dairy nutrition.<\/p><p>Visser &amp; Sons is an extraordinary company with significant opportunity. We are on our way to build a strong organic A2 Dairy brand in the EU markets (best consumer awareness for health and wellness) as well as Asia (one of the biggest consumer markets areas in terms of food products and huge growth potential due to deficits of high quality dairy supply).<\/p><p>Consumers are really interested in our products and the mix of products and concepts that we are bringing to consumers for nutritional purposes.<\/p>\t\t\t\t\t\t\t\t<\/div>\n\t\t\t\t<div class=\"elementor-element elementor-element-05d35c7 elementor-widget elementor-widget-heading\" data-id=\"05d35c7\" data-element_type=\"widget\" data-widget_type=\"heading.default\">\n\t\t\t\t\t<h2 class=\"elementor-heading-title elementor-size-default\">Mission and Vision<\/h2>\t\t\t\t<\/div>\n\t\t\t\t<div class=\"elementor-element elementor-element-48eb071 elementor-widget elementor-widget-text-editor\" data-id=\"48eb071\" data-element_type=\"widget\" data-widget_type=\"text-editor.default\">\n\t\t\t\t\t\t\t\t\t<p>Vi\u1ec7c k\u1ebft h\u1ee3p ki\u1ebfn \u200b\u200bth\u1ee9c v\u00e0 n\u0103ng l\u1ef1c c\u1ee7a ch\u00fang t\u00f4i c\u00f3 th\u1ec3 mang \u0111\u1ebfn nh\u1eefng hi\u1ec3u bi\u1ebft s\u00e2u s\u1eafc v\u00e0 \u0111\u1ed9t ph\u00e1 trong vi\u1ec7c n\u00e2ng cao ch\u1ea5t l\u01b0\u1ee3ng cu\u1ed9c s\u1ed1ng tr\u00ean to\u00e0n th\u1ebf gi\u1edbi d\u1ef1a tr\u00ean c\u00e1c s\u1ea3n ph\u1ea9m s\u1eefa h\u1eefu c\u01a1 A2 ch\u1ea5t l\u01b0\u1ee3ng cao.<\/p><p>Ch\u00fang t\u00f4i tin t\u01b0\u1edfng v\u00e0 t\u1eadp trung v\u00e0o nh\u1eefng nguy\u00ean t\u1eafc c\u01a1 b\u1ea3n v\u1ec1 l\u1ed1i s\u1ed1ng ph\u00f2ng ng\u1eeba, mang \u0111\u1ebfn nh\u1eefng s\u1ea3n ph\u1ea9m t\u1ed1t nh\u1ea5t c\u00f3 th\u1ec3 \u0111\u00e1p \u1ee9ng nhu c\u1ea7u v\u00e0 mong mu\u1ed1n hi\u1ec7n t\u1ea1i (ch\u01b0a \u0111\u01b0\u1ee3c \u0111\u00e1p \u1ee9ng) tr\u00ean m\u1ecdi th\u1ecb tr\u01b0\u1eddng.<\/p>\t\t\t\t\t\t\t\t<\/div>\n\t\t\t\t<\/div>\n\t\t\t\t<\/div>","protected":false},"excerpt":{"rendered":"<p>C\u00e2u chuy\u1ec7n c\u1ee7a ch\u00fang t\u00f4i S\u1ea3n ph\u1ea9m t\u1eeb s\u1eefa v\u00e0 th\u1ef1c ph\u1ea9m ch\u1ee9c n\u0103ng Ch\u00fang t\u00f4i kh\u00f4ng t\u1ef1 coi m\u00ecnh l\u00e0 m\u1ed9t c\u00f4ng ty s\u1eefa, v\u00e0 ch\u00fang t\u00f4i c\u0169ng kh\u00f4ng ngh\u0129 v\u1ec1 c\u00e1ch ch\u00fang t\u00f4i ph\u00e1t tri\u1ec3n doanh nghi\u1ec7p trong b\u1ed1i c\u1ea3nh ng\u00e0nh c\u00f4ng nghi\u1ec7p \u0111ang ph\u00e1t tri\u1ec3n. Ch\u00fang t\u00f4i t\u1eadp trung v\u00e0o \u0111\u1ed1i t\u01b0\u1ee3ng [&hellip;]<\/p>","protected":false},"author":2,"featured_media":0,"parent":0,"menu_order":0,"comment_status":"closed","ping_status":"closed","template":"","meta":{"_acf_changed":false,"footnotes":""},"class_list":["post-429","page","type-page","status-publish","hentry"],"acf":[],"_links":{"self":[{"href":"https:\/\/visserandsons.com.vn\/en\/wp-json\/wp\/v2\/pages\/429","targetHints":{"allow":["GET"]}}],"collection":[{"href":"https:\/\/visserandsons.com.vn\/en\/wp-json\/wp\/v2\/pages"}],"about":[{"href":"https:\/\/visserandsons.com.vn\/en\/wp-json\/wp\/v2\/types\/page"}],"author":[{"embeddable":true,"href":"https:\/\/visserandsons.com.vn\/en\/wp-json\/wp\/v2\/users\/2"}],"replies":[{"embeddable":true,"href":"https:\/\/visserandsons.com.vn\/en\/wp-json\/wp\/v2\/comments?post=429"}],"version-history":[{"count":88,"href":"https:\/\/visserandsons.com.vn\/en\/wp-json\/wp\/v2\/pages\/429\/revisions"}],"predecessor-version":[{"id":980,"href":"https:\/\/visserandsons.com.vn\/en\/wp-json\/wp\/v2\/pages\/429\/revisions\/980"}],"wp:attachment":[{"href":"https:\/\/visserandsons.com.vn\/en\/wp-json\/wp\/v2\/media?parent=429"}],"curies":[{"name":"wp","href":"https:\/\/api.w.org\/{rel}","templated":true}]}}