{"id":383,"date":"2025-10-11T16:00:14","date_gmt":"2025-10-11T09:00:14","guid":{"rendered":"https:\/\/baluxaa2milk.com\/?page_id=383"},"modified":"2025-10-18T11:41:30","modified_gmt":"2025-10-18T04:41:30","slug":"our-story","status":"publish","type":"page","link":"https:\/\/visserandsons.com.vn\/en\/our-story\/","title":{"rendered":"Our Story"},"content":{"rendered":"<div data-elementor-type=\"wp-page\" data-elementor-id=\"383\" class=\"elementor elementor-383\" data-elementor-post-type=\"page\">\n\t\t\t\t<div class=\"elementor-element elementor-element-70a5895 e-flex e-con-boxed e-con e-parent\" data-id=\"70a5895\" data-element_type=\"container\" data-settings=\"{&quot;background_background&quot;:&quot;slideshow&quot;,&quot;background_slideshow_gallery&quot;:[{&quot;id&quot;:263,&quot;url&quot;:&quot;https:\\\/\\\/visserandsons.com.vn\\\/wp-content\\\/uploads\\\/2025\\\/10\\\/organic.png&quot;}],&quot;shape_divider_bottom&quot;:&quot;triangle&quot;,&quot;shape_divider_bottom_negative&quot;:&quot;yes&quot;,&quot;background_slideshow_loop&quot;:&quot;yes&quot;,&quot;background_slideshow_slide_duration&quot;:5000,&quot;background_slideshow_slide_transition&quot;:&quot;fade&quot;,&quot;background_slideshow_transition_duration&quot;:500}\">\n\t\t\t\t\t<div class=\"e-con-inner\">\n\t\t\t\t<div class=\"elementor-shape elementor-shape-bottom\" aria-hidden=\"true\" data-negative=\"true\">\n\t\t\t<svg xmlns=\"http:\/\/www.w3.org\/2000\/svg\" viewbox=\"0 0 1000 100\" preserveaspectratio=\"none\">\n\t<path class=\"elementor-shape-fill\" d=\"M500.2,94.7L0,0v100h1000V0L500.2,94.7z\"\/>\n<\/svg>\t\t<\/div>\n\t\t\t\t\t<\/div>\n\t\t\t\t<\/div>\n\t\t<div class=\"elementor-element elementor-element-301af5a e-con-full e-flex e-con e-parent\" data-id=\"301af5a\" data-element_type=\"container\">\n\t\t\t\t<div class=\"elementor-element elementor-element-a2af7f4 elementor-widget elementor-widget-heading\" data-id=\"a2af7f4\" data-element_type=\"widget\" data-widget_type=\"heading.default\">\n\t\t\t\t\t<h2 class=\"elementor-heading-title elementor-size-default\"><h2 class=\"elementor-heading-title elementor-size-default\" style=\"font-family: Marcellus, sans-serif;font-weight: 600;font-size: 2.4rem;text-align: center\">Our Story<\/h2><\/h2>\t\t\t\t<\/div>\n\t\t\t\t<div class=\"elementor-element elementor-element-0560fa7 elementor-widget elementor-widget-heading\" data-id=\"0560fa7\" data-element_type=\"widget\" data-widget_type=\"heading.default\">\n\t\t\t\t\t<h2 class=\"elementor-heading-title elementor-size-default\">Dairy products and Nutraceuticals<\/h2>\t\t\t\t<\/div>\n\t\t\t\t<div class=\"elementor-element elementor-element-50f1ec0 elementor-widget elementor-widget-image\" data-id=\"50f1ec0\" data-element_type=\"widget\" data-widget_type=\"image.default\">\n\t\t\t\t\t\t\t\t\t\t\t\t\t\t\t<img decoding=\"async\" width=\"200\" height=\"125\" src=\"https:\/\/visserandsons.com.vn\/wp-content\/uploads\/2025\/10\/Skal-bio-1.png\" class=\"attachment-large size-large wp-image-1062\" alt=\"\" srcset=\"https:\/\/visserandsons.com.vn\/wp-content\/uploads\/2025\/10\/Skal-bio-1.png 200w, https:\/\/visserandsons.com.vn\/wp-content\/uploads\/2025\/10\/Skal-bio-1-18x12.png 18w\" sizes=\"(max-width: 200px) 100vw, 200px\" \/>\t\t\t\t\t\t\t\t\t\t\t\t\t\t\t<\/div>\n\t\t\t\t<div class=\"elementor-element elementor-element-054abaf elementor-widget elementor-widget-heading\" data-id=\"054abaf\" data-element_type=\"widget\" data-widget_type=\"heading.default\">\n\t\t\t\t\t<h2 class=\"elementor-heading-title elementor-size-default\">Ch\u1ee9ng nh\u1eadn Skal (h\u1eefu c\u01a1 H\u00e0 Lan)<\/h2>\t\t\t\t<\/div>\n\t\t\t\t<div class=\"elementor-element elementor-element-e9cdd68 elementor-widget elementor-widget-image\" data-id=\"e9cdd68\" data-element_type=\"widget\" data-widget_type=\"image.default\">\n\t\t\t\t\t\t\t\t\t\t\t\t\t\t\t<img fetchpriority=\"high\" decoding=\"async\" width=\"800\" height=\"566\" src=\"https:\/\/visserandsons.com.vn\/wp-content\/uploads\/2025\/10\/SKAL-report-2021-1.png\" class=\"attachment-large size-large wp-image-1063\" alt=\"\" srcset=\"https:\/\/visserandsons.com.vn\/wp-content\/uploads\/2025\/10\/SKAL-report-2021-1.png 848w, https:\/\/visserandsons.com.vn\/wp-content\/uploads\/2025\/10\/SKAL-report-2021-1-300x212.png 300w, https:\/\/visserandsons.com.vn\/wp-content\/uploads\/2025\/10\/SKAL-report-2021-1-768x543.png 768w, https:\/\/visserandsons.com.vn\/wp-content\/uploads\/2025\/10\/SKAL-report-2021-1-18x12.png 18w\" sizes=\"(max-width: 800px) 100vw, 800px\" \/>\t\t\t\t\t\t\t\t\t\t\t\t\t\t\t<\/div>\n\t\t\t\t<div class=\"elementor-element elementor-element-05b458b elementor-widget elementor-widget-text-editor\" data-id=\"05b458b\" data-element_type=\"widget\" data-widget_type=\"text-editor.default\">\n\t\t\t\t\t\t\t\t\t<p>Our A2 dairy cows are on responsibly managed agricultural land. We are proud to lead by example with regard to sustainable agriculture and biodiversity and we do our best to preserve nature.<\/p><p>We strive to follow the biodynamic principle with our Organic A2 farmers. This means that our farmers treat the land with the respect it deserves in order to preserve it for future generations. We approach everything from a sustainability point of view: the quality of the soil and plants, the animals grazing on the land and the people who work on the land. Our goal is to minimize the environmental impact, with a focus on generating: Social Return, Natural Return, Financial Return and finally Inspiration.<\/p><p>Hope and inspiration for a future in which people can live for generations on the fertile soil they cultivate. In this way, this agricultural principle creates a good balance for future-proof and profitable agriculture for nature and people.<\/p>\t\t\t\t\t\t\t\t<\/div>\n\t\t\t\t<div class=\"elementor-element elementor-element-e432364 elementor-widget elementor-widget-heading\" data-id=\"e432364\" data-element_type=\"widget\" data-widget_type=\"heading.default\">\n\t\t\t\t\t<h2 class=\"elementor-heading-title elementor-size-default\">Gi\u1ea5y ch\u1ee9ng nh\u1eadn A 2 A 2 c\u1ee7a Control Union<\/h2>\t\t\t\t<\/div>\n\t\t\t\t<\/div>\n\t\t<div class=\"elementor-element elementor-element-9a711b1 e-flex e-con-boxed e-con e-parent\" data-id=\"9a711b1\" data-element_type=\"container\" data-settings=\"{&quot;background_background&quot;:&quot;slideshow&quot;,&quot;background_slideshow_gallery&quot;:[],&quot;background_slideshow_loop&quot;:&quot;yes&quot;,&quot;background_slideshow_slide_duration&quot;:5000,&quot;background_slideshow_slide_transition&quot;:&quot;fade&quot;,&quot;background_slideshow_transition_duration&quot;:500}\">\n\t\t\t\t\t<div class=\"e-con-inner\">\n\t\t<div class=\"elementor-element elementor-element-d99babd e-con-full e-flex e-con e-child\" data-id=\"d99babd\" data-element_type=\"container\" data-settings=\"{&quot;background_background&quot;:&quot;slideshow&quot;,&quot;background_slideshow_gallery&quot;:[],&quot;background_slideshow_loop&quot;:&quot;yes&quot;,&quot;background_slideshow_slide_duration&quot;:5000,&quot;background_slideshow_slide_transition&quot;:&quot;fade&quot;,&quot;background_slideshow_transition_duration&quot;:500}\">\n\t\t\t\t<div class=\"elementor-element elementor-element-011a970 elementor-widget elementor-widget-image\" data-id=\"011a970\" data-element_type=\"widget\" data-widget_type=\"image.default\">\n\t\t\t\t\t\t\t\t\t\t\t\t\t\t\t<img decoding=\"async\" width=\"380\" height=\"243\" src=\"https:\/\/visserandsons.com.vn\/wp-content\/uploads\/2025\/10\/Organic-cert-380-2.png\" class=\"attachment-large size-large wp-image-1066\" alt=\"\" srcset=\"https:\/\/visserandsons.com.vn\/wp-content\/uploads\/2025\/10\/Organic-cert-380-2.png 380w, https:\/\/visserandsons.com.vn\/wp-content\/uploads\/2025\/10\/Organic-cert-380-2-300x192.png 300w, https:\/\/visserandsons.com.vn\/wp-content\/uploads\/2025\/10\/Organic-cert-380-2-18x12.png 18w\" sizes=\"(max-width: 380px) 100vw, 380px\" \/>\t\t\t\t\t\t\t\t\t\t\t\t\t\t\t<\/div>\n\t\t\t\t<\/div>\n\t\t<div class=\"elementor-element elementor-element-23c3c6c e-con-full e-flex e-con e-child\" data-id=\"23c3c6c\" data-element_type=\"container\" data-settings=\"{&quot;background_background&quot;:&quot;slideshow&quot;,&quot;background_slideshow_gallery&quot;:[],&quot;background_slideshow_loop&quot;:&quot;yes&quot;,&quot;background_slideshow_slide_duration&quot;:5000,&quot;background_slideshow_slide_transition&quot;:&quot;fade&quot;,&quot;background_slideshow_transition_duration&quot;:500}\">\n\t\t\t\t<div class=\"elementor-element elementor-element-2846d53 elementor-widget elementor-widget-image\" data-id=\"2846d53\" data-element_type=\"widget\" data-widget_type=\"image.default\">\n\t\t\t\t\t\t\t\t\t\t\t\t\t\t\t<img loading=\"lazy\" decoding=\"async\" width=\"380\" height=\"243\" src=\"https:\/\/visserandsons.com.vn\/wp-content\/uploads\/2025\/10\/BIO-cert-380-1.png\" class=\"attachment-large size-large wp-image-1064\" alt=\"\" srcset=\"https:\/\/visserandsons.com.vn\/wp-content\/uploads\/2025\/10\/BIO-cert-380-1.png 380w, https:\/\/visserandsons.com.vn\/wp-content\/uploads\/2025\/10\/BIO-cert-380-1-300x192.png 300w, https:\/\/visserandsons.com.vn\/wp-content\/uploads\/2025\/10\/BIO-cert-380-1-18x12.png 18w\" sizes=\"(max-width: 380px) 100vw, 380px\" \/>\t\t\t\t\t\t\t\t\t\t\t\t\t\t\t<\/div>\n\t\t\t\t<\/div>\n\t\t\t\t\t<\/div>\n\t\t\t\t<\/div>\n\t\t\t\t<\/div>","protected":false},"excerpt":{"rendered":"<p>Our Story S\u1ea3n ph\u1ea9m t\u1eeb s\u1eefa v\u00e0 th\u1ef1c ph\u1ea9m ch\u1ee9c n\u0103ng Ch\u1ee9ng nh\u1eadn Skal (h\u1eefu c\u01a1 H\u00e0 Lan) B\u00f2 s\u1eefa A2 c\u1ee7a ch\u00fang t\u00f4i \u0111\u01b0\u1ee3c ch\u0103n nu\u00f4i tr\u00ean \u0111\u1ea5t n\u00f4ng nghi\u1ec7p \u0111\u01b0\u1ee3c qu\u1ea3n l\u00fd c\u00f3 tr\u00e1ch nhi\u1ec7m. Ch\u00fang t\u00f4i t\u1ef1 h\u00e0o ti\u00ean phong trong vi\u1ec7c b\u1ea3o t\u1ed3n n\u00f4ng nghi\u1ec7p b\u1ec1n v\u1eefng v\u00e0 \u0111a d\u1ea1ng sinh [&hellip;]<\/p>","protected":false},"author":2,"featured_media":0,"parent":0,"menu_order":0,"comment_status":"closed","ping_status":"closed","template":"","meta":{"_acf_changed":false,"footnotes":""},"class_list":["post-383","page","type-page","status-publish","hentry"],"acf":[],"_links":{"self":[{"href":"https:\/\/visserandsons.com.vn\/en\/wp-json\/wp\/v2\/pages\/383","targetHints":{"allow":["GET"]}}],"collection":[{"href":"https:\/\/visserandsons.com.vn\/en\/wp-json\/wp\/v2\/pages"}],"about":[{"href":"https:\/\/visserandsons.com.vn\/en\/wp-json\/wp\/v2\/types\/page"}],"author":[{"embeddable":true,"href":"https:\/\/visserandsons.com.vn\/en\/wp-json\/wp\/v2\/users\/2"}],"replies":[{"embeddable":true,"href":"https:\/\/visserandsons.com.vn\/en\/wp-json\/wp\/v2\/comments?post=383"}],"version-history":[{"count":102,"href":"https:\/\/visserandsons.com.vn\/en\/wp-json\/wp\/v2\/pages\/383\/revisions"}],"predecessor-version":[{"id":1095,"href":"https:\/\/visserandsons.com.vn\/en\/wp-json\/wp\/v2\/pages\/383\/revisions\/1095"}],"wp:attachment":[{"href":"https:\/\/visserandsons.com.vn\/en\/wp-json\/wp\/v2\/media?parent=383"}],"curies":[{"name":"wp","href":"https:\/\/api.w.org\/{rel}","templated":true}]}}