{"id":38,"date":"2025-10-02T02:33:38","date_gmt":"2025-10-02T02:33:38","guid":{"rendered":"https:\/\/baluxaa2milk.com\/?page_id=38"},"modified":"2025-10-18T13:21:57","modified_gmt":"2025-10-18T06:21:57","slug":"contact","status":"publish","type":"page","link":"https:\/\/visserandsons.com.vn\/en\/contact\/","title":{"rendered":"Contact"},"content":{"rendered":"<div data-elementor-type=\"wp-page\" data-elementor-id=\"38\" class=\"elementor elementor-38\" data-elementor-post-type=\"page\">\n\t\t\t\t<div class=\"elementor-element elementor-element-c2118fc e-con-full e-flex e-con e-parent\" data-id=\"c2118fc\" data-element_type=\"container\" data-settings=\"{&quot;background_background&quot;:&quot;slideshow&quot;,&quot;background_slideshow_gallery&quot;:[{&quot;id&quot;:981,&quot;url&quot;:&quot;https:\\\/\\\/visserandsons.com.vn\\\/wp-content\\\/uploads\\\/2025\\\/10\\\/\\u2022Baluxa-Skimmed.jpg&quot;}],&quot;shape_divider_bottom&quot;:&quot;triangle&quot;,&quot;shape_divider_bottom_negative&quot;:&quot;yes&quot;,&quot;background_slideshow_loop&quot;:&quot;yes&quot;,&quot;background_slideshow_slide_duration&quot;:5000,&quot;background_slideshow_slide_transition&quot;:&quot;fade&quot;,&quot;background_slideshow_transition_duration&quot;:500}\">\n\t\t\t\t<div class=\"elementor-shape elementor-shape-bottom\" aria-hidden=\"true\" data-negative=\"true\">\n\t\t\t<svg xmlns=\"http:\/\/www.w3.org\/2000\/svg\" viewbox=\"0 0 1000 100\" preserveaspectratio=\"none\">\n\t<path class=\"elementor-shape-fill\" d=\"M500.2,94.7L0,0v100h1000V0L500.2,94.7z\"\/>\n<\/svg>\t\t<\/div>\n\t\t\t\t<div class=\"elementor-element elementor-element-b60f974 elementor-absolute elementor-widget elementor-widget-image\" data-id=\"b60f974\" data-element_type=\"widget\" data-settings=\"{&quot;_position&quot;:&quot;absolute&quot;}\" data-widget_type=\"image.default\">\n\t\t\t\t\t\t\t\t\t\t\t\t\t\t\t<img decoding=\"async\" width=\"200\" height=\"200\" src=\"https:\/\/visserandsons.com.vn\/wp-content\/uploads\/2025\/10\/cropped-logo-visser-rand-200-150x150-1-200x200-1.png\" class=\"attachment-large size-large wp-image-47\" alt=\"\" srcset=\"https:\/\/visserandsons.com.vn\/wp-content\/uploads\/2025\/10\/cropped-logo-visser-rand-200-150x150-1-200x200-1.png 200w, https:\/\/visserandsons.com.vn\/wp-content\/uploads\/2025\/10\/cropped-logo-visser-rand-200-150x150-1-200x200-1-150x150.png 150w, https:\/\/visserandsons.com.vn\/wp-content\/uploads\/2025\/10\/cropped-logo-visser-rand-200-150x150-1-200x200-1-12x12.png 12w\" sizes=\"(max-width: 200px) 100vw, 200px\" \/>\t\t\t\t\t\t\t\t\t\t\t\t\t\t\t<\/div>\n\t\t\t\t<\/div>\n\t\t<div class=\"elementor-element elementor-element-792d2c6 e-con-full e-flex e-con e-parent\" data-id=\"792d2c6\" data-element_type=\"container\">\n\t\t\t\t<div class=\"elementor-element elementor-element-9d43a88 elementor-widget elementor-widget-heading\" data-id=\"9d43a88\" data-element_type=\"widget\" data-widget_type=\"heading.default\">\n\t\t\t\t\t<h2 class=\"elementor-heading-title elementor-size-default\">V\u1ecb tr\u00ed c\u1ee7a ch\u00fang t\u00f4i<\/h2>\t\t\t\t<\/div>\n\t\t\t\t<\/div>\n\t\t<div class=\"elementor-element elementor-element-e9a3baa e-flex e-con-boxed e-con e-parent\" data-id=\"e9a3baa\" data-element_type=\"container\">\n\t\t\t\t\t<div class=\"e-con-inner\">\n\t\t<div class=\"elementor-element elementor-element-788b944 e-con-full e-flex e-con e-child\" data-id=\"788b944\" data-element_type=\"container\" data-settings=\"{&quot;background_background&quot;:&quot;slideshow&quot;,&quot;background_slideshow_gallery&quot;:[{&quot;id&quot;:1048,&quot;url&quot;:&quot;https:\\\/\\\/visserandsons.com.vn\\\/wp-content\\\/uploads\\\/2025\\\/10\\\/Keizersgracht.jpg&quot;}],&quot;background_slideshow_loop&quot;:&quot;yes&quot;,&quot;background_slideshow_slide_duration&quot;:5000,&quot;background_slideshow_slide_transition&quot;:&quot;fade&quot;,&quot;background_slideshow_transition_duration&quot;:500}\">\n\t\t\t\t<\/div>\n\t\t<div class=\"elementor-element elementor-element-f69fd61 e-con-full e-flex e-con e-child\" data-id=\"f69fd61\" data-element_type=\"container\">\n\t\t\t\t<div class=\"elementor-element elementor-element-bbde117 elementor-widget elementor-widget-text-editor\" data-id=\"bbde117\" data-element_type=\"widget\" data-widget_type=\"text-editor.default\">\n\t\t\t\t\t\t\t\t\t<p>Th\u00eam m\u1ed9t \u0111o\u1ea1n v\u0103n b\u1ea3n \u1edf \u0111\u00e2y. Nh\u1ea5p v\u00e0o \u00f4 v\u0103n b\u1ea3n \u0111\u1ec3 t\u00f9y ch\u1ec9nh n\u1ed9i dung, phong c\u00e1ch ph\u00f4ng ch\u1eef v\u00e0 m\u00e0u s\u1eafc c\u1ee7a \u0111Visser &amp; Sons t\u1ecda l\u1ea1c t\u1ea1i m\u1ed9t t\u00f2a nh\u00e0 \u0111\u1ed3 s\u1ed9, uy t\u00edn tr\u00ean ph\u1ed1 Keizersgracht \u1edf Amsterdam, g\u1ea7n khu ph\u1ed1 \u201c9 ph\u1ed1\u201d n\u1ed5i ti\u1ebfng. Ban \u0111\u1ea7u l\u00e0 m\u1ed9t ng\u00f4i nh\u00e0 th\u01b0\u01a1ng gia, \u0111\u01b0\u1ee3c th\u01b0\u01a1ng gia Salomon Sweers x\u00e2y d\u1ef1ng v\u00e0o kho\u1ea3ng n\u0103m 1671. V\u00e0o cu\u1ed1i th\u1ebf k\u1ef7 18, m\u1eb7t ti\u1ec1n c\u1ee7a t\u00f2a nh\u00e0 \u0111\u00e3 \u0111\u01b0\u1ee3c c\u1ea3i t\u1ea1o \u0111\u1ec3 ph\u00f9 h\u1ee3p v\u1edbi hi\u1ec7n tr\u1ea1ng ng\u00e0y nay. B\u00ean trong t\u00f2a nh\u00e0 mang d\u00e1ng d\u1ea5p c\u1ed5 \u0111i\u1ec3n v\u1edbi tr\u1ea7n nh\u00e0 cao, \u0111\u00e8n ch\u00f9m l\u1edbn, c\u1ea7u thang v\u00e0 nhi\u1ec1u chi ti\u1ebft c\u1ed5 k\u00ednh kh\u00e1c v\u1eabn c\u00f2n hi\u1ec7n h\u1eefu. Ch\u00fang t\u00f4i r\u1ea5t h\u00e2n h\u1ea1nh \u0111\u01b0\u1ee3c \u0111\u00f3n ti\u1ebfp qu\u00fd kh\u00e1ch t\u1ea1i v\u0103n ph\u00f2ng \u0111\u1ed9c \u0111\u00e1o c\u1ee7a ch\u00fang t\u00f4i.o\u1ea1n v\u0103n c\u1ee7a b\u1ea1n.<\/p>\t\t\t\t\t\t\t\t<\/div>\n\t\t\t\t<div class=\"elementor-element elementor-element-c85038c elementor-widget elementor-widget-heading\" data-id=\"c85038c\" data-element_type=\"widget\" data-widget_type=\"heading.default\">\n\t\t\t\t\t<h2 class=\"elementor-heading-title elementor-size-default\">Contact Us<\/h2>\t\t\t\t<\/div>\n\t\t\t\t<div class=\"elementor-element elementor-element-213caf9 elementor-widget elementor-widget-text-editor\" data-id=\"213caf9\" data-element_type=\"widget\" data-widget_type=\"text-editor.default\">\n\t\t\t\t\t\t\t\t\t<p>\u0110\u1ecba ch\u1ec9: 313\/20 Phan Huy \u00edch, Ph\u01b0\u1eddng 12, G\u00f2 V\u1ea5p, H\u1ed3 Ch\u00ed Minh\u00a0<\/p><p>Phone: 0903.008.202<\/p><p>Email: huynh.greenkite@gmail.com<\/p>\t\t\t\t\t\t\t\t<\/div>\n\t\t\t\t<\/div>\n\t\t\t\t\t<\/div>\n\t\t\t\t<\/div>\n\t\t<div class=\"elementor-element elementor-element-96dfaab e-con-full e-flex e-con e-parent\" data-id=\"96dfaab\" data-element_type=\"container\">\n\t\t\t\t<div class=\"elementor-element elementor-element-882022a elementor-widget elementor-widget-google_maps\" data-id=\"882022a\" data-element_type=\"widget\" data-widget_type=\"google_maps.default\">\n\t\t\t\t\t\t\t<div class=\"elementor-custom-embed\">\n\t\t\t<iframe loading=\"lazy\"\n\t\t\t\t\tsrc=\"https:\/\/maps.google.com\/maps?q=cty%20di%E1%BB%81u%20xanh&#038;t=m&#038;z=11&#038;output=embed&#038;iwloc=near\"\n\t\t\t\t\ttitle=\"cty di\u1ec1u xanh\"\n\t\t\t\t\taria-label=\"cty di\u1ec1u xanh\"\n\t\t\t><\/iframe>\n\t\t<\/div>\n\t\t\t\t\t\t<\/div>\n\t\t\t\t<\/div>\n\t\t\t\t<\/div>","protected":false},"excerpt":{"rendered":"<p>V\u1ecb tr\u00ed c\u1ee7a ch\u00fang t\u00f4i Th\u00eam m\u1ed9t \u0111o\u1ea1n v\u0103n b\u1ea3n \u1edf \u0111\u00e2y. Nh\u1ea5p v\u00e0o \u00f4 v\u0103n b\u1ea3n \u0111\u1ec3 t\u00f9y ch\u1ec9nh n\u1ed9i dung, phong c\u00e1ch ph\u00f4ng ch\u1eef v\u00e0 m\u00e0u s\u1eafc c\u1ee7a \u0111Visser &amp; Sons t\u1ecda l\u1ea1c t\u1ea1i m\u1ed9t t\u00f2a nh\u00e0 \u0111\u1ed3 s\u1ed9, uy t\u00edn tr\u00ean ph\u1ed1 Keizersgracht \u1edf Amsterdam, g\u1ea7n khu ph\u1ed1 \u201c9 ph\u1ed1\u201d n\u1ed5i ti\u1ebfng. [&hellip;]<\/p>","protected":false},"author":1,"featured_media":0,"parent":0,"menu_order":0,"comment_status":"closed","ping_status":"closed","template":"","meta":{"_acf_changed":false,"footnotes":""},"class_list":["post-38","page","type-page","status-publish","hentry"],"acf":[],"_links":{"self":[{"href":"https:\/\/visserandsons.com.vn\/en\/wp-json\/wp\/v2\/pages\/38","targetHints":{"allow":["GET"]}}],"collection":[{"href":"https:\/\/visserandsons.com.vn\/en\/wp-json\/wp\/v2\/pages"}],"about":[{"href":"https:\/\/visserandsons.com.vn\/en\/wp-json\/wp\/v2\/types\/page"}],"author":[{"embeddable":true,"href":"https:\/\/visserandsons.com.vn\/en\/wp-json\/wp\/v2\/users\/1"}],"replies":[{"embeddable":true,"href":"https:\/\/visserandsons.com.vn\/en\/wp-json\/wp\/v2\/comments?post=38"}],"version-history":[{"count":36,"href":"https:\/\/visserandsons.com.vn\/en\/wp-json\/wp\/v2\/pages\/38\/revisions"}],"predecessor-version":[{"id":1112,"href":"https:\/\/visserandsons.com.vn\/en\/wp-json\/wp\/v2\/pages\/38\/revisions\/1112"}],"wp:attachment":[{"href":"https:\/\/visserandsons.com.vn\/en\/wp-json\/wp\/v2\/media?parent=38"}],"curies":[{"name":"wp","href":"https:\/\/api.w.org\/{rel}","templated":true}]}}