{"id":260,"date":"2025-10-11T13:59:32","date_gmt":"2025-10-11T06:59:32","guid":{"rendered":"https:\/\/baluxaa2milk.com\/?page_id=260"},"modified":"2025-10-16T08:16:08","modified_gmt":"2025-10-16T01:16:08","slug":"a2-milk","status":"publish","type":"page","link":"https:\/\/visserandsons.com.vn\/en\/a2-milk\/","title":{"rendered":"A2 Milk"},"content":{"rendered":"<div data-elementor-type=\"wp-page\" data-elementor-id=\"260\" class=\"elementor elementor-260\" data-elementor-post-type=\"page\">\n\t\t\t\t<div class=\"elementor-element elementor-element-5c99043 e-con-full e-flex e-con e-parent\" data-id=\"5c99043\" data-element_type=\"container\" data-settings=\"{&quot;background_background&quot;:&quot;classic&quot;}\">\n\t\t<div class=\"elementor-element elementor-element-1237c2f e-con-full e-flex e-con e-child\" data-id=\"1237c2f\" data-element_type=\"container\">\n\t\t\t\t<div class=\"elementor-element elementor-element-b36249c elementor-widget__width-inherit elementor-widget elementor-widget-image\" data-id=\"b36249c\" data-element_type=\"widget\" data-widget_type=\"image.default\">\n\t\t\t\t\t\t\t\t\t\t\t\t\t\t\t<img fetchpriority=\"high\" decoding=\"async\" width=\"516\" height=\"524\" src=\"https:\/\/visserandsons.com.vn\/wp-content\/uploads\/2025\/10\/A2-logo.png\" class=\"attachment-large size-large wp-image-921\" alt=\"\" srcset=\"https:\/\/visserandsons.com.vn\/wp-content\/uploads\/2025\/10\/A2-logo.png 516w, https:\/\/visserandsons.com.vn\/wp-content\/uploads\/2025\/10\/A2-logo-295x300.png 295w, https:\/\/visserandsons.com.vn\/wp-content\/uploads\/2025\/10\/A2-logo-12x12.png 12w\" sizes=\"(max-width: 516px) 100vw, 516px\" \/>\t\t\t\t\t\t\t\t\t\t\t\t\t\t\t<\/div>\n\t\t\t\t<\/div>\n\t\t\t\t<\/div>\n\t\t<div class=\"elementor-element elementor-element-f39153c e-flex e-con-boxed e-con e-parent\" data-id=\"f39153c\" data-element_type=\"container\">\n\t\t\t\t\t<div class=\"e-con-inner\">\n\t\t\t\t<div class=\"elementor-element elementor-element-4a70b74 elementor-widget elementor-widget-heading\" data-id=\"4a70b74\" data-element_type=\"widget\" data-widget_type=\"heading.default\">\n\t\t\t\t\t<h2 class=\"elementor-heading-title elementor-size-default\">S\u1eefa A2 c\u1ee7a ch\u00fang t\u00f4i c\u00f3 ngu\u1ed3n g\u1ed1c t\u1eeb \u0111\u00e2u?<\/h2>\t\t\t\t<\/div>\n\t\t\t\t\t<\/div>\n\t\t\t\t<\/div>\n\t\t<div class=\"elementor-element elementor-element-3dc939f e-flex e-con-boxed e-con e-parent\" data-id=\"3dc939f\" data-element_type=\"container\">\n\t\t\t\t\t<div class=\"e-con-inner\">\n\t\t<div class=\"elementor-element elementor-element-422e5b3 e-con-full e-flex e-con e-child\" data-id=\"422e5b3\" data-element_type=\"container\">\n\t\t\t\t<div class=\"elementor-element elementor-element-642634f elementor-widget elementor-widget-image\" data-id=\"642634f\" data-element_type=\"widget\" data-widget_type=\"image.default\">\n\t\t\t\t\t\t\t\t\t\t\t\t\t\t\t<img decoding=\"async\" width=\"642\" height=\"454\" src=\"https:\/\/visserandsons.com.vn\/wp-content\/uploads\/2025\/10\/diagramm-a2-cow.jpg\" class=\"attachment-large size-large wp-image-265\" alt=\"\" srcset=\"https:\/\/visserandsons.com.vn\/wp-content\/uploads\/2025\/10\/diagramm-a2-cow.jpg 642w, https:\/\/visserandsons.com.vn\/wp-content\/uploads\/2025\/10\/diagramm-a2-cow-300x212.jpg 300w, https:\/\/visserandsons.com.vn\/wp-content\/uploads\/2025\/10\/diagramm-a2-cow-18x12.jpg 18w\" sizes=\"(max-width: 642px) 100vw, 642px\" \/>\t\t\t\t\t\t\t\t\t\t\t\t\t\t\t<\/div>\n\t\t\t\t<\/div>\n\t\t<div class=\"elementor-element elementor-element-5ffdba4 e-flex e-con-boxed e-con e-child\" data-id=\"5ffdba4\" data-element_type=\"container\">\n\t\t\t\t\t<div class=\"e-con-inner\">\n\t\t\t\t<div class=\"elementor-element elementor-element-3a3d44a elementor-widget elementor-widget-text-editor\" data-id=\"3a3d44a\" data-element_type=\"widget\" data-widget_type=\"text-editor.default\">\n\t\t\t\t\t\t\t\t\t<p>The A2 milk is produced in The Netherlands having one of the highest milk quality standards in the world. Our A2 organic milk is obtained from a unique and high select herd of around 2000 Dutch cows, reared on a sustainably managed farm. These cows are genetically tested to validate that they have a unique A2-A2 \u201cgenetic passport\u201d. This qualification is nowhere else to be found in the world and gives the guarantee that all our A2 organic milk products stem from these unique cows. These cows are raised organically in a self sustainable farm meaning that no medication is applied for the cows and during the production.<\/p>\t\t\t\t\t\t\t\t<\/div>\n\t\t\t\t\t<\/div>\n\t\t\t\t<\/div>\n\t\t\t\t\t<\/div>\n\t\t\t\t<\/div>\n\t\t<div class=\"elementor-element elementor-element-87a7e8d e-flex e-con-boxed e-con e-parent\" data-id=\"87a7e8d\" data-element_type=\"container\">\n\t\t\t\t\t<div class=\"e-con-inner\">\n\t\t\t\t<div class=\"elementor-element elementor-element-cccf897 elementor-widget elementor-widget-heading\" data-id=\"cccf897\" data-element_type=\"widget\" data-widget_type=\"heading.default\">\n\t\t\t\t\t<h2 class=\"elementor-heading-title elementor-size-default\">Dutch Organic A2 Milk Powder<\/h2>\t\t\t\t<\/div>\n\t\t<div class=\"elementor-element elementor-element-a4d91b1 e-flex e-con-boxed e-con e-child\" data-id=\"a4d91b1\" data-element_type=\"container\">\n\t\t\t\t\t<div class=\"e-con-inner\">\n\t\t<div class=\"elementor-element elementor-element-09d2009 e-con-full e-flex e-con e-child\" data-id=\"09d2009\" data-element_type=\"container\">\n\t\t<div class=\"elementor-element elementor-element-ea73912 e-con-full e-flex e-con e-child\" data-id=\"ea73912\" data-element_type=\"container\" data-settings=\"{&quot;background_background&quot;:&quot;classic&quot;}\">\n\t\t\t\t<div class=\"elementor-element elementor-element-5f57789 elementor-widget elementor-widget-text-editor\" data-id=\"5f57789\" data-element_type=\"widget\" data-widget_type=\"text-editor.default\">\n\t\t\t\t\t\t\t\t\t<p>This unique A2 formula concept constitutes of Dutch original organic A2 milk powder, prepared using an optimal balance of nutrients: Carbohydrates, protein, good fats, dietary fiber, vitamin complex and minerals. The A2 milk powder typically contains the complementary and synergistic nutritional properties with additional effects on health. Moreover, the milk powder offers the advantages of a favorable mouthfeel and consumption convenience, high safety levels, high acceptability and absolutely no side effects.<\/p>\t\t\t\t\t\t\t\t<\/div>\n\t\t\t\t<\/div>\n\t\t\t\t<\/div>\n\t\t\t\t<div class=\"elementor-element elementor-element-ba5f662 elementor-widget__width-inherit elementor-widget elementor-widget-image\" data-id=\"ba5f662\" data-element_type=\"widget\" data-widget_type=\"image.default\">\n\t\t\t\t\t\t\t\t\t\t\t\t\t\t\t<img decoding=\"async\" width=\"400\" height=\"561\" src=\"https:\/\/visserandsons.com.vn\/wp-content\/uploads\/2025\/10\/800g-logo-variant-pres-optie-5-400x561-1.png\" class=\"attachment-large size-large wp-image-885\" alt=\"\" srcset=\"https:\/\/visserandsons.com.vn\/wp-content\/uploads\/2025\/10\/800g-logo-variant-pres-optie-5-400x561-1.png 400w, https:\/\/visserandsons.com.vn\/wp-content\/uploads\/2025\/10\/800g-logo-variant-pres-optie-5-400x561-1-214x300.png 214w, https:\/\/visserandsons.com.vn\/wp-content\/uploads\/2025\/10\/800g-logo-variant-pres-optie-5-400x561-1-9x12.png 9w\" sizes=\"(max-width: 400px) 100vw, 400px\" \/>\t\t\t\t\t\t\t\t\t\t\t\t\t\t\t<\/div>\n\t\t\t\t\t<\/div>\n\t\t\t\t<\/div>\n\t\t\t\t\t<\/div>\n\t\t\t\t<\/div>\n\t\t<div class=\"elementor-element elementor-element-adb8603 e-flex e-con-boxed e-con e-parent\" data-id=\"adb8603\" data-element_type=\"container\">\n\t\t\t\t\t<div class=\"e-con-inner\">\n\t\t\t\t<div class=\"elementor-element elementor-element-cba4115 elementor-widget elementor-widget-heading\" data-id=\"cba4115\" data-element_type=\"widget\" data-widget_type=\"heading.default\">\n\t\t\t\t\t<h2 class=\"elementor-heading-title elementor-size-default\">The unique A2 milk<\/h2>\t\t\t\t<\/div>\n\t\t\t\t\t<\/div>\n\t\t\t\t<\/div>\n\t\t<div class=\"elementor-element elementor-element-65ff753 e-flex e-con-boxed e-con e-parent\" data-id=\"65ff753\" data-element_type=\"container\">\n\t\t\t\t\t<div class=\"e-con-inner\">\n\t\t<div class=\"elementor-element elementor-element-740d44c e-con-full e-flex e-con e-child\" data-id=\"740d44c\" data-element_type=\"container\" data-settings=\"{&quot;background_background&quot;:&quot;classic&quot;}\">\n\t\t\t\t<div class=\"elementor-element elementor-element-bf61500 elementor-widget elementor-widget-image\" data-id=\"bf61500\" data-element_type=\"widget\" data-widget_type=\"image.default\">\n\t\t\t\t\t\t\t\t\t\t\t\t\t\t\t<img loading=\"lazy\" decoding=\"async\" width=\"400\" height=\"389\" src=\"https:\/\/visserandsons.com.vn\/wp-content\/uploads\/2025\/10\/bw-cows-400x389-1.png\" class=\"attachment-large size-large wp-image-267\" alt=\"\" srcset=\"https:\/\/visserandsons.com.vn\/wp-content\/uploads\/2025\/10\/bw-cows-400x389-1.png 400w, https:\/\/visserandsons.com.vn\/wp-content\/uploads\/2025\/10\/bw-cows-400x389-1-300x292.png 300w, https:\/\/visserandsons.com.vn\/wp-content\/uploads\/2025\/10\/bw-cows-400x389-1-12x12.png 12w\" sizes=\"(max-width: 400px) 100vw, 400px\" \/>\t\t\t\t\t\t\t\t\t\t\t\t\t\t\t<\/div>\n\t\t\t\t<\/div>\n\t\t<div class=\"elementor-element elementor-element-5610328 e-flex e-con-boxed e-con e-child\" data-id=\"5610328\" data-element_type=\"container\">\n\t\t\t\t\t<div class=\"e-con-inner\">\n\t\t\t\t<div class=\"elementor-element elementor-element-906e48c elementor-widget elementor-widget-text-editor\" data-id=\"906e48c\" data-element_type=\"widget\" data-widget_type=\"text-editor.default\">\n\t\t\t\t\t\t\t\t\t<p>The unique A2 milk is a different variety of cows\u2019 milk compared to the regular, conventional A1 milk that is by far mostly marketed and distributed all over the world. Whilst all milk variants contain proteins the essential difference is that A2 milk contains a different type of protein called A2 beta-casein. This because it lacks the \u03b2-casein proteins called A1 which is present in the regular (\u2018normally available\u2019) milk. This difference is due to genetic mutations that happened over the last hundreds of years. The important thing to remember is that A2 milk resembles the original and authentic milk that was produced by cows in the natural historic setting in the olden ages!\n\nInterestingly, non-cow milk, including that of humans, sheep, goats, donkeys, yaks, camels, buffalo also contain mostly A2 \u03b2-casein, and so the term \u201cA2 milk\u201d is also used in that context.\n\nFrom a biochemical viewpoint A1 and A2 beta-casein are genetic variants of the beta-casein milk protein that differ by one amino acid. To determine and prove whether a cow produces a2 milk, a genetic test has been developed to distinguish between the two types. Thus, the test allows the company to prove and certify that A2 milk is in fact being produced.<\/p><p>\u0110i\u1ec1u th\u00fa v\u1ecb l\u00e0, s\u1eefa kh\u00f4ng ph\u1ea3i s\u1eefa b\u00f2, bao g\u1ed3m s\u1eefa c\u1ee7a ng\u01b0\u1eddi, c\u1eebu, d\u00ea, l\u1eeba, b\u00f2 yak, l\u1ea1c \u0111\u00e0, tr\u00e2u c\u0169ng ch\u1ee9a ch\u1ee7 y\u1ebfu \u03b2-casein A2, v\u00e0 v\u00ec v\u1eady thu\u1eadt ng\u1eef &#8220;s\u1eefa A2&#8221; c\u0169ng \u0111\u01b0\u1ee3c s\u1eed d\u1ee5ng trong b\u1ed1i c\u1ea3nh \u0111\u00f3.<\/p><p>V\u1ec1 m\u1eb7t sinh h\u00f3a, beta-casein A1 v\u00e0 A2 l\u00e0 c\u00e1c bi\u1ebfn th\u1ec3 di truy\u1ec1n c\u1ee7a protein s\u1eefa beta-casein, kh\u00e1c nhau \u1edf m\u1ed9t axit amin. \u0110\u1ec3 x\u00e1c \u0111\u1ecbnh v\u00e0 ch\u1ee9ng minh li\u1ec7u m\u1ed9t con b\u00f2 c\u00f3 s\u1ea3n xu\u1ea5t s\u1eefa A2 hay kh\u00f4ng, m\u1ed9t x\u00e9t nghi\u1ec7m di truy\u1ec1n \u0111\u00e3 \u0111\u01b0\u1ee3c ph\u00e1t tri\u1ec3n \u0111\u1ec3 ph\u00e2n bi\u1ec7t hai lo\u1ea1i n\u00e0y. Do \u0111\u00f3, x\u00e9t nghi\u1ec7m n\u00e0y cho ph\u00e9p c\u00f4ng ty ch\u1ee9ng minh v\u00e0 ch\u1ee9ng nh\u1eadn r\u1eb1ng s\u1eefa A2 th\u1ef1c s\u1ef1 \u0111ang \u0111\u01b0\u1ee3c s\u1ea3n xu\u1ea5t.<\/p>\t\t\t\t\t\t\t\t<\/div>\n\t\t\t\t\t<\/div>\n\t\t\t\t<\/div>\n\t\t\t\t\t<\/div>\n\t\t\t\t<\/div>\n\t\t<div class=\"elementor-element elementor-element-cb31025 e-flex e-con-boxed e-con e-parent\" data-id=\"cb31025\" data-element_type=\"container\">\n\t\t\t\t\t<div class=\"e-con-inner\">\n\t\t\t\t<div class=\"elementor-element elementor-element-5d5f260 elementor-widget elementor-widget-heading\" data-id=\"5d5f260\" data-element_type=\"widget\" data-widget_type=\"heading.default\">\n\t\t\t\t\t<h2 class=\"elementor-heading-title elementor-size-default\">S\u1eefa A2 c\u00f3 nh\u1eefng l\u1ee3i \u00edch g\u00ec cho s\u1ee9c kh\u1ecfe?<\/h2>\t\t\t\t<\/div>\n\t\t\t\t<div class=\"elementor-element elementor-element-6db64a3 elementor-widget elementor-widget-text-editor\" data-id=\"6db64a3\" data-element_type=\"widget\" data-widget_type=\"text-editor.default\">\n\t\t\t\t\t\t\t\t\t<p>nh\u1eefng ng\u01b0\u1eddi kh\u00f4ng dung n\u1ea1p \u0111\u01b0\u1ee3c s\u1eefa c\u00f3 th\u1ec3 ti\u00eau h\u00f3a d\u1ec5 h\u01a1n.<\/p>\t\t\t\t\t\t\t\t<\/div>\n\t\t<div class=\"elementor-element elementor-element-805419c e-flex e-con-boxed e-con e-child\" data-id=\"805419c\" data-element_type=\"container\" data-settings=\"{&quot;background_background&quot;:&quot;classic&quot;}\">\n\t\t\t\t\t<div class=\"e-con-inner\">\n\t\t\t\t<div class=\"elementor-element elementor-element-34ad39b elementor-widget elementor-widget-text-editor\" data-id=\"34ad39b\" data-element_type=\"widget\" data-widget_type=\"text-editor.default\">\n\t\t\t\t\t\t\t\t\t<p>Trong 20 n\u0103m qua, ng\u00e0y c\u00e0ng c\u00f3 nhi\u1ec1u b\u1eb1ng ch\u1ee9ng v\u1ec1 m\u1ed9t s\u1ed1 l\u1ee3i \u00edch s\u1ee9c kh\u1ecfe li\u00ean quan \u0111\u1ebfn A2, thu h\u00fat ng\u00e0y c\u00e0ng nhi\u1ec1u nh\u00e0 nghi\u00ean c\u1ee9u trong l\u0129nh v\u1ef1c n\u00e0y t\u1eadp trung v\u00e0o v\u1ea5n \u0111\u1ec1 n\u00e0y. \u0110i\u1ec1u n\u00e0y d\u1eabn \u0111\u1ebfn c\u00e1c b\u00e1o c\u00e1o ch\u1ec9 ra r\u1eb1ng nh\u1eefng \u0111\u1eb7c t\u00ednh n\u00e0y c\u00f3 th\u1ec3 li\u00ean quan \u0111\u1ebfn c\u00e1c ch\u1ebf \u0111\u1ed9 h\u1ea5p th\u1ee5 v\u00e0 chuy\u1ec3n h\u00f3a kh\u00e1c nhau. Do \u0111\u00f3, nh\u1eefng ng\u01b0\u1eddi kh\u00f4ng dung n\u1ea1p s\u1eefa c\u00f3 th\u1ec3 d\u1ec5 ti\u00eau h\u00f3a h\u01a1n.<\/p><p>\u0110\u00e3 c\u00f3 b\u00e1o c\u00e1o cho th\u1ea5y m\u1ed9t s\u1ed1 nh\u00f3m d\u00e2n s\u1ed1 \u1edf Ch\u00e2u \u00c1 g\u1eb7p ph\u1ea3i t\u00ecnh tr\u1ea1ng kh\u00f3 ti\u00eau khi u\u1ed1ng s\u1eefa b\u00f2 th\u00f4ng th\u01b0\u1eddng v\u00e0 t\u00ecnh tr\u1ea1ng n\u00e0y gi\u1ea3m b\u1edbt khi chuy\u1ec3n sang s\u1eefa A2. M\u1ed9t l\u1eddi gi\u1ea3i th\u00edch kh\u1ea3 d\u0129 cho hi\u1ec7n t\u01b0\u1ee3ng n\u00e0y c\u00f3 th\u1ec3 l\u00e0 do kh\u00f4ng c\u00f3 s\u1ef1 chuy\u1ec3n h\u00f3a th\u00e0nh \u03b2-casomorphin 7 (BCM-7), nh\u01b0ng \u0111i\u1ec1u n\u00e0y c\u1ea7n \u0111\u01b0\u1ee3c ch\u1ee9ng minh.<\/p><p>\u0110\u1ec3 x\u00e1c \u0111\u1ecbnh ph\u1ea1m vi r\u1ed9ng h\u01a1n d\u1ef1 ki\u1ebfn \u200b\u200bc\u1ee7a c\u00e1c l\u1ee3i \u00edch s\u1ee9c kh\u1ecfe (ph\u00f2ng ng\u1eeba) c\u1ee7a s\u1eefa A2, ng\u00e0y c\u00e0ng c\u00f3 nhi\u1ec1u nghi\u00ean c\u1ee9u chuy\u00ean s\u00e2u \u0111\u01b0\u1ee3c th\u1ef1c hi\u1ec7n tr\u00ean to\u00e0n th\u1ebf gi\u1edbi trong l\u0129nh v\u1ef1c n\u00e0y, v\u00e0 hi\u1ec7n t\u1ea1i, ngay c\u1ea3 c\u00e1c nghi\u00ean c\u1ee9u l\u00e2m s\u00e0ng c\u0169ng \u0111ang \u0111\u01b0\u1ee3c ti\u1ebfn h\u00e0nh, k\u1ebft qu\u1ea3 v\u1eabn ch\u01b0a \u0111\u01b0\u1ee3c c\u00f4ng b\u1ed1. Nghi\u00ean c\u1ee9u c\u0169ng cho th\u1ea5y s\u1eefa A2 c\u00f3 th\u1ec3 ng\u0103n ng\u1eeba c\u00e1c b\u1ec7nh m\u00e3n t\u00ednh kh\u00e1c.<\/p>\t\t\t\t\t\t\t\t<\/div>\n\t\t\t\t\t<\/div>\n\t\t\t\t<\/div>\n\t\t\t\t\t<\/div>\n\t\t\t\t<\/div>\n\t\t\t\t<\/div>","protected":false},"excerpt":{"rendered":"<p>S\u1eefa A2 c\u1ee7a ch\u00fang t\u00f4i c\u00f3 ngu\u1ed3n g\u1ed1c t\u1eeb \u0111\u00e2u? S\u1eefa A2 \u0111\u01b0\u1ee3c s\u1ea3n xu\u1ea5t t\u1ea1i H\u00e0 Lan, \u0111\u1ea1t m\u1ed9t trong nh\u1eefng ti\u00eau chu\u1ea9n ch\u1ea5t l\u01b0\u1ee3ng s\u1eefa cao nh\u1ea5t th\u1ebf gi\u1edbi. S\u1eefa h\u1eefu c\u01a1 A2 c\u1ee7a ch\u00fang t\u00f4i \u0111\u01b0\u1ee3c l\u1ea5y t\u1eeb \u0111\u00e0n b\u00f2 H\u00e0 Lan \u0111\u01b0\u1ee3c tuy\u1ec3n ch\u1ecdn k\u1ef9 l\u01b0\u1ee1ng, \u0111\u1ed9c \u0111\u00e1o v\u1edbi kho\u1ea3ng 2000 [&hellip;]<\/p>","protected":false},"author":2,"featured_media":0,"parent":0,"menu_order":0,"comment_status":"closed","ping_status":"closed","template":"","meta":{"_acf_changed":false,"footnotes":""},"class_list":["post-260","page","type-page","status-publish","hentry"],"acf":[],"_links":{"self":[{"href":"https:\/\/visserandsons.com.vn\/en\/wp-json\/wp\/v2\/pages\/260","targetHints":{"allow":["GET"]}}],"collection":[{"href":"https:\/\/visserandsons.com.vn\/en\/wp-json\/wp\/v2\/pages"}],"about":[{"href":"https:\/\/visserandsons.com.vn\/en\/wp-json\/wp\/v2\/types\/page"}],"author":[{"embeddable":true,"href":"https:\/\/visserandsons.com.vn\/en\/wp-json\/wp\/v2\/users\/2"}],"replies":[{"embeddable":true,"href":"https:\/\/visserandsons.com.vn\/en\/wp-json\/wp\/v2\/comments?post=260"}],"version-history":[{"count":97,"href":"https:\/\/visserandsons.com.vn\/en\/wp-json\/wp\/v2\/pages\/260\/revisions"}],"predecessor-version":[{"id":967,"href":"https:\/\/visserandsons.com.vn\/en\/wp-json\/wp\/v2\/pages\/260\/revisions\/967"}],"wp:attachment":[{"href":"https:\/\/visserandsons.com.vn\/en\/wp-json\/wp\/v2\/media?parent=260"}],"curies":[{"name":"wp","href":"https:\/\/api.w.org\/{rel}","templated":true}]}}