{"id":17,"date":"2025-10-02T01:48:31","date_gmt":"2025-10-02T01:48:31","guid":{"rendered":"https:\/\/baluxaa2milk.com\/?page_id=17"},"modified":"2025-10-18T08:49:04","modified_gmt":"2025-10-18T01:49:04","slug":"home","status":"publish","type":"page","link":"https:\/\/visserandsons.com.vn\/en\/","title":{"rendered":"Home Page"},"content":{"rendered":"<div data-elementor-type=\"wp-page\" data-elementor-id=\"17\" class=\"elementor elementor-17\" data-elementor-post-type=\"page\">\n\t\t\t\t<div class=\"elementor-element elementor-element-efc85a7 e-con-full e-flex e-con e-parent\" data-id=\"efc85a7\" data-element_type=\"container\" data-settings=\"{&quot;background_background&quot;:&quot;slideshow&quot;,&quot;background_slideshow_gallery&quot;:[{&quot;id&quot;:884,&quot;url&quot;:&quot;https:\\\/\\\/violet-cattle-735906.hostingersite.com\\\/wp-content\\\/uploads\\\/2025\\\/10\\\/aziatische-vrouw-basis.jpg&quot;}],&quot;shape_divider_bottom&quot;:&quot;triangle&quot;,&quot;shape_divider_bottom_negative&quot;:&quot;yes&quot;,&quot;background_slideshow_loop&quot;:&quot;yes&quot;,&quot;background_slideshow_slide_duration&quot;:5000,&quot;background_slideshow_slide_transition&quot;:&quot;fade&quot;,&quot;background_slideshow_transition_duration&quot;:500}\">\n\t\t\t\t<div class=\"elementor-shape elementor-shape-bottom\" aria-hidden=\"true\" data-negative=\"true\">\n\t\t\t<svg xmlns=\"http:\/\/www.w3.org\/2000\/svg\" viewbox=\"0 0 1000 100\" preserveaspectratio=\"none\">\n\t<path class=\"elementor-shape-fill\" d=\"M500.2,94.7L0,0v100h1000V0L500.2,94.7z\"\/>\n<\/svg>\t\t<\/div>\n\t\t<div class=\"elementor-element elementor-element-e8dee99 e-flex e-con-boxed e-con e-child\" data-id=\"e8dee99\" data-element_type=\"container\">\n\t\t\t\t\t<div class=\"e-con-inner\">\n\t\t\t\t<div class=\"elementor-element elementor-element-e253668 elementor-widget elementor-widget-heading\" data-id=\"e253668\" data-element_type=\"widget\" data-widget_type=\"heading.default\">\n\t\t\t\t\t<h2 class=\"elementor-heading-title elementor-size-default\">\nHealthy and Nutritious\n<\/h2>\t\t\t\t<\/div>\n\t\t\t\t<div class=\"elementor-element elementor-element-d2481a4 elementor-widget elementor-widget-heading\" data-id=\"d2481a4\" data-element_type=\"widget\" data-widget_type=\"heading.default\">\n\t\t\t\t\t<h2 class=\"elementor-heading-title elementor-size-default\">Light digestible<\/h2>\t\t\t\t<\/div>\n\t\t\t\t<div class=\"elementor-element elementor-element-79de6d2 elementor-widget elementor-widget-heading\" data-id=\"79de6d2\" data-element_type=\"widget\" data-widget_type=\"heading.default\">\n\t\t\t\t\t<h2 class=\"elementor-heading-title elementor-size-default\"><h2 class=\"elementor-heading-title elementor-size-default\">Dutch A2 milk powder<\/h2><\/h2>\t\t\t\t<\/div>\n\t\t\t\t\t<\/div>\n\t\t\t\t<\/div>\n\t\t\t\t<div class=\"elementor-element elementor-element-5e82ce4 elementor-widget__width-initial elementor-absolute elementor-invisible elementor-widget elementor-widget-image\" data-id=\"5e82ce4\" data-element_type=\"widget\" data-settings=\"{&quot;_position&quot;:&quot;absolute&quot;,&quot;_animation&quot;:&quot;slideInLeft&quot;}\" data-widget_type=\"image.default\">\n\t\t\t\t\t\t\t\t\t\t\t\t\t\t\t<img fetchpriority=\"high\" decoding=\"async\" width=\"400\" height=\"561\" src=\"https:\/\/visserandsons.com.vn\/wp-content\/uploads\/2025\/10\/800g-logo-variant-pres-optie-5-400x561-1.png\" class=\"attachment-large size-large wp-image-885\" alt=\"\" srcset=\"https:\/\/visserandsons.com.vn\/wp-content\/uploads\/2025\/10\/800g-logo-variant-pres-optie-5-400x561-1.png 400w, https:\/\/visserandsons.com.vn\/wp-content\/uploads\/2025\/10\/800g-logo-variant-pres-optie-5-400x561-1-214x300.png 214w, https:\/\/visserandsons.com.vn\/wp-content\/uploads\/2025\/10\/800g-logo-variant-pres-optie-5-400x561-1-9x12.png 9w\" sizes=\"(max-width: 400px) 100vw, 400px\" \/>\t\t\t\t\t\t\t\t\t\t\t\t\t\t\t<\/div>\n\t\t\t\t<div class=\"elementor-element elementor-element-af9d1ed elementor-widget__width-initial elementor-absolute animated-slow elementor-invisible elementor-widget elementor-widget-image\" data-id=\"af9d1ed\" data-element_type=\"widget\" data-settings=\"{&quot;_position&quot;:&quot;absolute&quot;,&quot;_animation&quot;:&quot;slideInLeft&quot;,&quot;_animation_delay&quot;:0}\" data-widget_type=\"image.default\">\n\t\t\t\t\t\t\t\t\t\t\t\t\t\t\t<img decoding=\"async\" width=\"500\" height=\"479\" src=\"https:\/\/visserandsons.com.vn\/wp-content\/uploads\/2025\/10\/Opzicht-doosje-melk-basis-11-mei.png\" class=\"attachment-large size-large wp-image-886\" alt=\"\" srcset=\"https:\/\/visserandsons.com.vn\/wp-content\/uploads\/2025\/10\/Opzicht-doosje-melk-basis-11-mei.png 500w, https:\/\/visserandsons.com.vn\/wp-content\/uploads\/2025\/10\/Opzicht-doosje-melk-basis-11-mei-300x287.png 300w, https:\/\/visserandsons.com.vn\/wp-content\/uploads\/2025\/10\/Opzicht-doosje-melk-basis-11-mei-13x12.png 13w\" sizes=\"(max-width: 500px) 100vw, 500px\" \/>\t\t\t\t\t\t\t\t\t\t\t\t\t\t\t<\/div>\n\t\t\t\t<\/div>\n\t\t<div class=\"elementor-element elementor-element-c652932 e-flex e-con-boxed elementor-invisible e-con e-parent\" data-id=\"c652932\" data-element_type=\"container\" data-settings=\"{&quot;background_background&quot;:&quot;classic&quot;,&quot;animation&quot;:&quot;fadeIn&quot;}\">\n\t\t\t\t\t<div class=\"e-con-inner\">\n\t\t\t\t<div class=\"elementor-element elementor-element-5d4b306 elementor-widget elementor-widget-heading\" data-id=\"5d4b306\" data-element_type=\"widget\" data-widget_type=\"heading.default\">\n\t\t\t\t\t<h2 class=\"elementor-heading-title elementor-size-default\">VISSER &amp; SONS<\/h2>\t\t\t\t<\/div>\n\t\t<div class=\"elementor-element elementor-element-36f0f93 e-con-full e-flex e-con e-child\" data-id=\"36f0f93\" data-element_type=\"container\" data-settings=\"{&quot;background_background&quot;:&quot;classic&quot;}\">\n\t\t\t\t<div class=\"elementor-element elementor-element-5fe63cc elementor-widget elementor-widget-heading\" data-id=\"5fe63cc\" data-element_type=\"widget\" data-widget_type=\"heading.default\">\n\t\t\t\t\t<h2 class=\"elementor-heading-title elementor-size-default\">About Us<\/h2>\t\t\t\t<\/div>\n\t\t\t\t<div class=\"elementor-element elementor-element-691efef elementor-widget__width-initial elementor-widget elementor-widget-text-editor\" data-id=\"691efef\" data-element_type=\"widget\" data-widget_type=\"text-editor.default\">\n\t\t\t\t\t\t\t\t\t<p data-start=\"113\" data-end=\"289\">We are an internationally operating dairy company based in Amsterdam and dedicated to offering supreme quality, healthy and sustainable organic produced Dutch A2 dairy products.<\/p><p data-start=\"291\" data-end=\"661\">Worldwide, the demand for healthy food is increasing. Being a Dutch producer of A2 milk powder and dairy based functional foods and based on our extensive experience in this field we make a difference and meet these worldwide consumer needs by supplying a high quality portfolio of Dutch organic A2 milk powders.<\/p>\t\t\t\t\t\t\t\t<\/div>\n\t\t\t\t<\/div>\n\t\t\t\t\t<\/div>\n\t\t\t\t<\/div>\n\t\t<div class=\"elementor-element elementor-element-b458928 e-flex e-con-boxed e-con e-parent\" data-id=\"b458928\" data-element_type=\"container\" data-settings=\"{&quot;background_background&quot;:&quot;classic&quot;}\">\n\t\t\t\t\t<div class=\"e-con-inner\">\n\t\t<div class=\"elementor-element elementor-element-1e86bd9 e-flex e-con-boxed elementor-invisible e-con e-child\" data-id=\"1e86bd9\" data-element_type=\"container\" data-settings=\"{&quot;background_background&quot;:&quot;classic&quot;,&quot;animation&quot;:&quot;fadeIn&quot;}\">\n\t\t\t\t\t<div class=\"e-con-inner\">\n\t\t\t\t<div class=\"elementor-element elementor-element-95e04ae elementor-widget elementor-widget-image\" data-id=\"95e04ae\" data-element_type=\"widget\" data-widget_type=\"image.default\">\n\t\t\t\t\t\t\t\t\t\t\t\t\t\t\t\t<a href=\"\/en\/our-a2-farmers\/\">\n\t\t\t\t\t\t\t<img decoding=\"async\" width=\"800\" height=\"256\" src=\"https:\/\/visserandsons.com.vn\/wp-content\/uploads\/2025\/10\/snapedit_1760319277417-e1760319365269-1024x328.jpeg\" class=\"elementor-animation-grow attachment-large size-large wp-image-491\" alt=\"\" srcset=\"https:\/\/visserandsons.com.vn\/wp-content\/uploads\/2025\/10\/snapedit_1760319277417-e1760319365269-1024x328.jpeg 1024w, https:\/\/visserandsons.com.vn\/wp-content\/uploads\/2025\/10\/snapedit_1760319277417-e1760319365269-300x96.jpeg 300w, https:\/\/visserandsons.com.vn\/wp-content\/uploads\/2025\/10\/snapedit_1760319277417-e1760319365269-768x246.jpeg 768w, https:\/\/visserandsons.com.vn\/wp-content\/uploads\/2025\/10\/snapedit_1760319277417-e1760319365269-1536x492.jpeg 1536w, https:\/\/visserandsons.com.vn\/wp-content\/uploads\/2025\/10\/snapedit_1760319277417-e1760319365269-18x6.jpeg 18w, https:\/\/visserandsons.com.vn\/wp-content\/uploads\/2025\/10\/snapedit_1760319277417-e1760319365269.jpeg 1600w\" sizes=\"(max-width: 800px) 100vw, 800px\" \/>\t\t\t\t\t\t\t\t<\/a>\n\t\t\t\t\t\t\t\t\t\t\t\t\t\t\t<\/div>\n\t\t\t\t<div class=\"elementor-element elementor-element-5b36a58 elementor-widget elementor-widget-heading\" data-id=\"5b36a58\" data-element_type=\"widget\" data-widget_type=\"heading.default\">\n\t\t\t\t\t<h2 class=\"elementor-heading-title elementor-size-default\">A2 farm<\/h2>\t\t\t\t<\/div>\n\t\t\t\t\t<\/div>\n\t\t\t\t<\/div>\n\t\t<div class=\"elementor-element elementor-element-83749ea e-flex e-con-boxed elementor-invisible e-con e-child\" data-id=\"83749ea\" data-element_type=\"container\" data-settings=\"{&quot;background_background&quot;:&quot;classic&quot;,&quot;animation&quot;:&quot;fadeIn&quot;}\">\n\t\t\t\t\t<div class=\"e-con-inner\">\n\t\t\t\t<div class=\"elementor-element elementor-element-afa4c03 elementor-widget elementor-widget-image\" data-id=\"afa4c03\" data-element_type=\"widget\" data-widget_type=\"image.default\">\n\t\t\t\t\t\t\t\t\t\t\t\t\t\t\t\t<a href=\"\/en\/organic\/\">\n\t\t\t\t\t\t\t<img loading=\"lazy\" decoding=\"async\" width=\"660\" height=\"440\" src=\"https:\/\/visserandsons.com.vn\/wp-content\/uploads\/2025\/10\/skal-3.png\" class=\"elementor-animation-grow attachment-full size-full wp-image-339\" alt=\"\" srcset=\"https:\/\/visserandsons.com.vn\/wp-content\/uploads\/2025\/10\/skal-3.png 660w, https:\/\/visserandsons.com.vn\/wp-content\/uploads\/2025\/10\/skal-3-300x200.png 300w, https:\/\/visserandsons.com.vn\/wp-content\/uploads\/2025\/10\/skal-3-18x12.png 18w\" sizes=\"(max-width: 660px) 100vw, 660px\" \/>\t\t\t\t\t\t\t\t<\/a>\n\t\t\t\t\t\t\t\t\t\t\t\t\t\t\t<\/div>\n\t\t\t\t<div class=\"elementor-element elementor-element-1c8ff26 elementor-widget elementor-widget-heading\" data-id=\"1c8ff26\" data-element_type=\"widget\" data-widget_type=\"heading.default\">\n\t\t\t\t\t<h2 class=\"elementor-heading-title elementor-size-default\">Organic<\/h2>\t\t\t\t<\/div>\n\t\t\t\t\t<\/div>\n\t\t\t\t<\/div>\n\t\t\t\t\t<\/div>\n\t\t\t\t<\/div>\n\t\t<div class=\"elementor-element elementor-element-3218556 e-flex e-con-boxed elementor-invisible e-con e-parent\" data-id=\"3218556\" data-element_type=\"container\" data-settings=\"{&quot;animation&quot;:&quot;fadeIn&quot;}\">\n\t\t\t\t\t<div class=\"e-con-inner\">\n\t\t<div class=\"elementor-element elementor-element-dd39f59 e-con-full e-flex e-con e-child\" data-id=\"dd39f59\" data-element_type=\"container\" data-settings=\"{&quot;background_background&quot;:&quot;classic&quot;}\">\n\t\t\t\t<div class=\"elementor-element elementor-element-42aecd5 elementor-widget elementor-widget-heading\" data-id=\"42aecd5\" data-element_type=\"widget\" data-widget_type=\"heading.default\">\n\t\t\t\t\t<h2 class=\"elementor-heading-title elementor-size-default\">Where does our A2 milk come from?<\/h2>\t\t\t\t<\/div>\n\t\t\t\t<div class=\"elementor-element elementor-element-4d5d0ba elementor-widget__width-initial elementor-widget elementor-widget-text-editor\" data-id=\"4d5d0ba\" data-element_type=\"widget\" data-widget_type=\"text-editor.default\">\n\t\t\t\t\t\t\t\t\t<p data-start=\"98\" data-end=\"374\">The A2 milk is produced in The Netherlands having one of the highest milk quality standards in the world. Our A2 Bio milk is obtained from a unique and high select herd of around 2000 Dutch cows, reared on a sustainably managed farm.<\/p><p data-start=\"376\" data-end=\"692\">This qualification is nowhere else to be found in the world and gives the guarantee that all our A2 Bio milk products stem from these unique cows. These cows are raised organically in a self sustainable farm meaning that no medication is applied for the cows and during the production process.<\/p>\t\t\t\t\t\t\t\t<\/div>\n\t\t\t\t<\/div>\n\t\t\t\t\t<\/div>\n\t\t\t\t<\/div>\n\t\t<div class=\"elementor-element elementor-element-71dba21 video-container e-flex e-con-boxed elementor-invisible e-con e-parent\" data-id=\"71dba21\" data-element_type=\"container\" data-settings=\"{&quot;background_background&quot;:&quot;video&quot;,&quot;background_video_link&quot;:&quot;https:\\\/\\\/baluxaa2milk.com\\\/wp-content\\\/uploads\\\/2025\\\/10\\\/baluxa-young-a2-cows.mp4&quot;,&quot;animation&quot;:&quot;fadeIn&quot;,&quot;background_play_on_mobile&quot;:&quot;yes&quot;}\">\n\t\t\t\t\t<div class=\"e-con-inner\">\n\t\t<div class=\"elementor-background-video-container\" aria-hidden=\"true\">\n\t\t\t\t\t\t\t<video class=\"elementor-background-video-hosted\" autoplay muted playsinline loop><\/video>\n\t\t\t\t\t<\/div>\t\t<div class=\"elementor-element elementor-element-ff236fc elementor-widget elementor-widget-heading\" data-id=\"ff236fc\" data-element_type=\"widget\" data-widget_type=\"heading.default\">\n\t\t\t\t\t<h2 class=\"elementor-heading-title elementor-size-default\">Young Selected A2 Cows<\/h2>\t\t\t\t<\/div>\n\t\t\t\t\t<\/div>\n\t\t\t\t<\/div>\n\t\t\t\t<\/div>","protected":false},"excerpt":{"rendered":"<p>Healthy and Nutritious Light digestible Dutch A2 milk powder VISSER &amp; SONS V\u1ec1 Ch\u00fang T\u00f4i VISSER &amp; SONS ch\u00fang t\u00f4i l\u00e0 m\u1ed9t c\u00f4ng ty s\u1eefa ho\u1ea1t \u0111\u1ed9ng qu\u1ed1c t\u1ebf c\u00f3 tr\u1ee5 s\u1edf t\u1ea1i Amsterdam, cam k\u1ebft mang \u0111\u1ebfn c\u00e1c s\u1ea3n ph\u1ea9m s\u1eefa A2 h\u1eefu c\u01a1 t\u1eeb H\u00e0 Lan v\u1edbi ch\u1ea5t l\u01b0\u1ee3ng v\u01b0\u1ee3t tr\u1ed9i, l\u00e0nh m\u1ea1nh [&hellip;]<\/p>","protected":false},"author":1,"featured_media":0,"parent":0,"menu_order":0,"comment_status":"closed","ping_status":"closed","template":"","meta":{"_acf_changed":false,"footnotes":""},"class_list":["post-17","page","type-page","status-publish","hentry"],"acf":[],"_links":{"self":[{"href":"https:\/\/visserandsons.com.vn\/en\/wp-json\/wp\/v2\/pages\/17","targetHints":{"allow":["GET"]}}],"collection":[{"href":"https:\/\/visserandsons.com.vn\/en\/wp-json\/wp\/v2\/pages"}],"about":[{"href":"https:\/\/visserandsons.com.vn\/en\/wp-json\/wp\/v2\/types\/page"}],"author":[{"embeddable":true,"href":"https:\/\/visserandsons.com.vn\/en\/wp-json\/wp\/v2\/users\/1"}],"replies":[{"embeddable":true,"href":"https:\/\/visserandsons.com.vn\/en\/wp-json\/wp\/v2\/comments?post=17"}],"version-history":[{"count":289,"href":"https:\/\/visserandsons.com.vn\/en\/wp-json\/wp\/v2\/pages\/17\/revisions"}],"predecessor-version":[{"id":1040,"href":"https:\/\/visserandsons.com.vn\/en\/wp-json\/wp\/v2\/pages\/17\/revisions\/1040"}],"wp:attachment":[{"href":"https:\/\/visserandsons.com.vn\/en\/wp-json\/wp\/v2\/media?parent=17"}],"curies":[{"name":"wp","href":"https:\/\/api.w.org\/{rel}","templated":true}]}}